{"id":2684,"date":"2024-06-26T07:51:08","date_gmt":"2024-06-26T07:51:08","guid":{"rendered":"https:\/\/www.avis.nc\/?post_type=product&#038;p=2684"},"modified":"2024-06-26T07:59:36","modified_gmt":"2024-06-26T07:59:36","slug":"toyota-hilux-cat-l","status":"publish","type":"product","link":"https:\/\/www.avis.nc\/en\/vehicule\/toyota-hilux-cat-l\/","title":{"rendered":"Toyota Hilux (Cat. L)"},"content":{"rendered":"<h4 class=\"font-weight-bold\">Pick up double cabine boite auto<\/h4>\n<div class=\"board-content\">\n<p>Le\u00a0<b>Hilux<\/b>\u00a0est \u00e0 juste titre fi\u00e8re de son long pass\u00e9 de r\u00e9silience. Depuis son lancement en 1968, ce pickup l\u00e9gendaire attire tous les regards partout o\u00f9 il passe. Il a parcouru le monde, travers\u00e9 le d\u00e9sert africain, conquis les volcans et explor\u00e9 l&rsquo;Amazone jusqu&rsquo;au p\u00f4le Nord.<\/p>\n<\/div>","protected":false},"excerpt":{"rendered":"<h4 class=\"font-weight-bold\">Pick up double cabine boite auto<\/h4>\n<div class=\"board-content\">\n<p>Le\u00a0<b>Hilux<\/b>\u00a0est \u00e0 juste titre fi\u00e8re de son long pass\u00e9 de r\u00e9silience. Depuis son lancement en 1968, ce pickup l\u00e9gendaire attire tous les regards partout o\u00f9 il passe. Il a parcouru le monde, travers\u00e9 le d\u00e9sert africain, conquis les volcans et explor\u00e9 l&rsquo;Amazone jusqu&rsquo;au p\u00f4le Nord.<\/p>\n<\/div>","protected":false},"featured_media":2685,"template":"","meta":{"_seopress_robots_primary_cat":"","_seopress_titles_title":"","_seopress_titles_desc":"","_seopress_robots_index":"","site-sidebar-layout":"default","site-content-layout":"default","ast-global-header-display":"","ast-main-header-display":"","ast-hfb-above-header-display":"","ast-hfb-below-header-display":"","ast-hfb-mobile-header-display":"","site-post-title":"","ast-breadcrumbs-content":"","ast-featured-img":"","footer-sml-layout":"","theme-transparent-header-meta":"default","adv-header-id-meta":"","stick-header-meta":"","header-above-stick-meta":"","header-main-stick-meta":"","header-below-stick-meta":""},"product_cat":[109],"product_tag":[],"agencies":[],"acf":[],"_links":{"self":[{"href":"https:\/\/www.avis.nc\/en\/wp-json\/wp\/v2\/product\/2684"}],"collection":[{"href":"https:\/\/www.avis.nc\/en\/wp-json\/wp\/v2\/product"}],"about":[{"href":"https:\/\/www.avis.nc\/en\/wp-json\/wp\/v2\/types\/product"}],"version-history":[{"count":1,"href":"https:\/\/www.avis.nc\/en\/wp-json\/wp\/v2\/product\/2684\/revisions"}],"predecessor-version":[{"id":2686,"href":"https:\/\/www.avis.nc\/en\/wp-json\/wp\/v2\/product\/2684\/revisions\/2686"}],"wp:featuredmedia":[{"embeddable":true,"href":"https:\/\/www.avis.nc\/en\/wp-json\/wp\/v2\/media\/2685"}],"wp:attachment":[{"href":"https:\/\/www.avis.nc\/en\/wp-json\/wp\/v2\/media?parent=2684"}],"wp:term":[{"taxonomy":"product_cat","embeddable":true,"href":"https:\/\/www.avis.nc\/en\/wp-json\/wp\/v2\/product_cat?post=2684"},{"taxonomy":"product_tag","embeddable":true,"href":"https:\/\/www.avis.nc\/en\/wp-json\/wp\/v2\/product_tag?post=2684"},{"taxonomy":"agencies","embeddable":true,"href":"https:\/\/www.avis.nc\/en\/wp-json\/wp\/v2\/agencies?post=2684"}],"curies":[{"name":"wp","href":"https:\/\/api.w.org\/{rel}","templated":true}]}}