{"id":2654,"date":"2024-06-26T06:01:54","date_gmt":"2024-06-26T06:01:54","guid":{"rendered":"https:\/\/www.avis.nc\/?post_type=product&#038;p=2654"},"modified":"2024-06-26T07:10:16","modified_gmt":"2024-06-26T07:10:16","slug":"hyundai-grand-i10-cat-a","status":"publish","type":"product","link":"https:\/\/www.avis.nc\/en\/vehicule\/hyundai-grand-i10-cat-a\/","title":{"rendered":"Hyundai Grand i10 (Cat. A)"},"content":{"rendered":"<p>Avec ses lignes fluides et ses contrastes muscl\u00e9s, le look dynamique de i10 attire le regard instantan\u00e9ment. \u00c0 l&rsquo;avant, les nouveaux feux de jour \u00e0 LED int\u00e9gr\u00e9s \u00e0 la large calandre noire et le design actualis\u00e9 des phares sculpt\u00e9s cr\u00e9ent une premi\u00e8re impression tr\u00e8s sportive. Et \u00e0 l&rsquo;int\u00e9rieur de l\u2019\u00e9l\u00e9gant habitacle, les nouveaux \u00e9clairages d&rsquo;ambiance, les nouveaux compteurs enti\u00e8rement num\u00e9riques et les derni\u00e8res technologies multim\u00e9dia vous accueillent dans un espace zen et moderne.<\/p>","protected":false},"excerpt":{"rendered":"<p>Avec ses lignes fluides et ses contrastes muscl\u00e9s, le look dynamique de i10 attire le regard instantan\u00e9ment. \u00c0 l&rsquo;avant, les nouveaux feux de jour \u00e0 LED int\u00e9gr\u00e9s \u00e0 la large calandre noire et le design actualis\u00e9 des phares sculpt\u00e9s cr\u00e9ent une premi\u00e8re impression tr\u00e8s sportive. Et \u00e0 l&rsquo;int\u00e9rieur de l\u2019\u00e9l\u00e9gant habitacle, les nouveaux \u00e9clairages d&rsquo;ambiance, les nouveaux compteurs enti\u00e8rement num\u00e9riques et les derni\u00e8res technologies multim\u00e9dia vous accueillent dans un espace zen et moderne.<\/p>","protected":false},"featured_media":2655,"template":"","meta":{"_seopress_robots_primary_cat":"","_seopress_titles_title":"","_seopress_titles_desc":"","_seopress_robots_index":"","site-sidebar-layout":"default","site-content-layout":"default","ast-global-header-display":"","ast-main-header-display":"","ast-hfb-above-header-display":"","ast-hfb-below-header-display":"","ast-hfb-mobile-header-display":"","site-post-title":"","ast-breadcrumbs-content":"","ast-featured-img":"","footer-sml-layout":"","theme-transparent-header-meta":"default","adv-header-id-meta":"","stick-header-meta":"","header-above-stick-meta":"","header-main-stick-meta":"","header-below-stick-meta":""},"product_cat":[108],"product_tag":[],"agencies":[],"acf":[],"_links":{"self":[{"href":"https:\/\/www.avis.nc\/en\/wp-json\/wp\/v2\/product\/2654"}],"collection":[{"href":"https:\/\/www.avis.nc\/en\/wp-json\/wp\/v2\/product"}],"about":[{"href":"https:\/\/www.avis.nc\/en\/wp-json\/wp\/v2\/types\/product"}],"version-history":[{"count":2,"href":"https:\/\/www.avis.nc\/en\/wp-json\/wp\/v2\/product\/2654\/revisions"}],"predecessor-version":[{"id":2674,"href":"https:\/\/www.avis.nc\/en\/wp-json\/wp\/v2\/product\/2654\/revisions\/2674"}],"wp:featuredmedia":[{"embeddable":true,"href":"https:\/\/www.avis.nc\/en\/wp-json\/wp\/v2\/media\/2655"}],"wp:attachment":[{"href":"https:\/\/www.avis.nc\/en\/wp-json\/wp\/v2\/media?parent=2654"}],"wp:term":[{"taxonomy":"product_cat","embeddable":true,"href":"https:\/\/www.avis.nc\/en\/wp-json\/wp\/v2\/product_cat?post=2654"},{"taxonomy":"product_tag","embeddable":true,"href":"https:\/\/www.avis.nc\/en\/wp-json\/wp\/v2\/product_tag?post=2654"},{"taxonomy":"agencies","embeddable":true,"href":"https:\/\/www.avis.nc\/en\/wp-json\/wp\/v2\/agencies?post=2654"}],"curies":[{"name":"wp","href":"https:\/\/api.w.org\/{rel}","templated":true}]}}