{"id":2433,"date":"2024-02-08T05:07:36","date_gmt":"2024-02-08T05:07:36","guid":{"rendered":"https:\/\/www.avis.nc\/?post_type=product&#038;p=2433"},"modified":"2024-06-26T07:24:53","modified_gmt":"2024-06-26T07:24:53","slug":"mitsubishi-outlander","status":"publish","type":"product","link":"https:\/\/www.avis.nc\/en\/vehicule\/mitsubishi-outlander\/","title":{"rendered":"Mitsubishi Outlander (Cat. K)"},"content":{"rendered":"<h4 class=\"font-weight-bold\">SUV interm\u00e9diaire confortable<\/h4>\n<div class=\"board-content\">\n<p>Garde au sol r\u00e9hauss\u00e9e, ligne de toit fuyante, optiques travaill\u00e9es, lignes fluides et athl\u00e9tiques, ECLIPSE CROSS repousse les limites du design pour inspirer dynamisme, modernit\u00e9 et \u00e9l\u00e9gance.<\/p>\n<\/div>","protected":false},"excerpt":{"rendered":"<p>SUV interm\u00e9diaire confortable Garde au sol r\u00e9hauss\u00e9e, ligne de toit fuyante, optiques travaill\u00e9es, lignes fluides et athl\u00e9tiques, ECLIPSE CROSS repousse les limites du design pour inspirer dynamisme, modernit\u00e9 et \u00e9l\u00e9gance.<\/p>","protected":false},"featured_media":2434,"template":"","meta":{"_seopress_robots_primary_cat":"","_seopress_titles_title":"","_seopress_titles_desc":"","_seopress_robots_index":"","site-sidebar-layout":"default","site-content-layout":"default","ast-global-header-display":"","ast-main-header-display":"","ast-hfb-above-header-display":"","ast-hfb-below-header-display":"","ast-hfb-mobile-header-display":"","site-post-title":"","ast-breadcrumbs-content":"","ast-featured-img":"","footer-sml-layout":"","theme-transparent-header-meta":"default","adv-header-id-meta":"","stick-header-meta":"","header-above-stick-meta":"","header-main-stick-meta":"","header-below-stick-meta":""},"product_cat":[108],"product_tag":[],"agencies":[],"acf":[],"_links":{"self":[{"href":"https:\/\/www.avis.nc\/en\/wp-json\/wp\/v2\/product\/2433"}],"collection":[{"href":"https:\/\/www.avis.nc\/en\/wp-json\/wp\/v2\/product"}],"about":[{"href":"https:\/\/www.avis.nc\/en\/wp-json\/wp\/v2\/types\/product"}],"version-history":[{"count":2,"href":"https:\/\/www.avis.nc\/en\/wp-json\/wp\/v2\/product\/2433\/revisions"}],"predecessor-version":[{"id":2676,"href":"https:\/\/www.avis.nc\/en\/wp-json\/wp\/v2\/product\/2433\/revisions\/2676"}],"wp:featuredmedia":[{"embeddable":true,"href":"https:\/\/www.avis.nc\/en\/wp-json\/wp\/v2\/media\/2434"}],"wp:attachment":[{"href":"https:\/\/www.avis.nc\/en\/wp-json\/wp\/v2\/media?parent=2433"}],"wp:term":[{"taxonomy":"product_cat","embeddable":true,"href":"https:\/\/www.avis.nc\/en\/wp-json\/wp\/v2\/product_cat?post=2433"},{"taxonomy":"product_tag","embeddable":true,"href":"https:\/\/www.avis.nc\/en\/wp-json\/wp\/v2\/product_tag?post=2433"},{"taxonomy":"agencies","embeddable":true,"href":"https:\/\/www.avis.nc\/en\/wp-json\/wp\/v2\/agencies?post=2433"}],"curies":[{"name":"wp","href":"https:\/\/api.w.org\/{rel}","templated":true}]}}