{"id":2428,"date":"2024-02-08T04:54:29","date_gmt":"2024-02-08T04:54:29","guid":{"rendered":"https:\/\/www.avis.nc\/?post_type=product&#038;p=2428"},"modified":"2024-06-26T07:42:36","modified_gmt":"2024-06-26T07:42:36","slug":"toyoata-rav4-hybride","status":"publish","type":"product","link":"https:\/\/www.avis.nc\/en\/vehicule\/toyoata-rav4-hybride\/","title":{"rendered":"Toyota Rav4 Hybride (Cat. W)"},"content":{"rendered":"<div class=\"col-md-12 col-xl-5\">\n<div class=\"wow fadeInLeftBig mb-5\">\n<p>Qu&rsquo;il s&rsquo;agisse des villes, qui restreignent leur acc\u00e8s \u00e0 certaines cat\u00e9gories de v\u00e9hicules, ou des chemins tortueux qui vous m\u00e8neront vers de nouveaux horizons; le Nouveau RAV4 HYBRID saura vous emmener o\u00f9 vous voulez.<\/p>\n<p>Sa motorisation hybride (essence &#8211; \u00e9lectrique) de 222 chevaux (en transmission AWD-i) vous procurera une conduite incroyablement silencieuse en mode tout-\u00e9lectrique.<\/p>\n<p>De plus, pas besoin de la brancher, elle se recharge toute seule en roulant. Vous entrez dans une nouvelle \u00e8re avec le Nouveau RAV4 HYBRID, o\u00f9 la performance et l&rsquo;efficience ne font qu&rsquo;un.<\/p>\n<\/div>\n<\/div>","protected":false},"excerpt":{"rendered":"<p>Qu&rsquo;il s&rsquo;agisse des villes, qui restreignent leur acc\u00e8s \u00e0 certaines cat\u00e9gories de v\u00e9hicules, ou des chemins tortueux qui vous m\u00e8neront vers de nouveaux horizons; le Nouveau RAV4 HYBRID saura vous emmener o\u00f9 vous voulez.<\/p>\n<p>Sa motorisation hybride (essence &#8211; \u00e9lectrique) de 222 chevaux (en transmission AWD-i) vous procurera une conduite incroyablement silencieuse en mode tout-\u00e9lectrique.<\/p>\n<p>De plus, pas besoin de la brancher, elle se recharge toute seule en roulant. Vous entrez dans une nouvelle \u00e8re avec le Nouveau RAV4 HYBRID, o\u00f9 la performance et l&rsquo;efficience ne font qu&rsquo;un.<\/p>","protected":false},"featured_media":2429,"template":"","meta":{"_seopress_robots_primary_cat":"","_seopress_titles_title":"","_seopress_titles_desc":"","_seopress_robots_index":"","site-sidebar-layout":"default","site-content-layout":"default","ast-global-header-display":"","ast-main-header-display":"","ast-hfb-above-header-display":"","ast-hfb-below-header-display":"","ast-hfb-mobile-header-display":"","site-post-title":"","ast-breadcrumbs-content":"","ast-featured-img":"","footer-sml-layout":"","theme-transparent-header-meta":"default","adv-header-id-meta":"","stick-header-meta":"","header-above-stick-meta":"","header-main-stick-meta":"","header-below-stick-meta":""},"product_cat":[109],"product_tag":[],"agencies":[],"acf":[],"_links":{"self":[{"href":"https:\/\/www.avis.nc\/en\/wp-json\/wp\/v2\/product\/2428"}],"collection":[{"href":"https:\/\/www.avis.nc\/en\/wp-json\/wp\/v2\/product"}],"about":[{"href":"https:\/\/www.avis.nc\/en\/wp-json\/wp\/v2\/types\/product"}],"version-history":[{"count":1,"href":"https:\/\/www.avis.nc\/en\/wp-json\/wp\/v2\/product\/2428\/revisions"}],"predecessor-version":[{"id":2682,"href":"https:\/\/www.avis.nc\/en\/wp-json\/wp\/v2\/product\/2428\/revisions\/2682"}],"wp:featuredmedia":[{"embeddable":true,"href":"https:\/\/www.avis.nc\/en\/wp-json\/wp\/v2\/media\/2429"}],"wp:attachment":[{"href":"https:\/\/www.avis.nc\/en\/wp-json\/wp\/v2\/media?parent=2428"}],"wp:term":[{"taxonomy":"product_cat","embeddable":true,"href":"https:\/\/www.avis.nc\/en\/wp-json\/wp\/v2\/product_cat?post=2428"},{"taxonomy":"product_tag","embeddable":true,"href":"https:\/\/www.avis.nc\/en\/wp-json\/wp\/v2\/product_tag?post=2428"},{"taxonomy":"agencies","embeddable":true,"href":"https:\/\/www.avis.nc\/en\/wp-json\/wp\/v2\/agencies?post=2428"}],"curies":[{"name":"wp","href":"https:\/\/api.w.org\/{rel}","templated":true}]}}