{"id":1817,"date":"2023-06-20T06:17:38","date_gmt":"2023-06-20T06:17:38","guid":{"rendered":"https:\/\/www.avis.nc\/?post_type=product&#038;p=1817"},"modified":"2024-06-26T07:37:31","modified_gmt":"2024-06-26T07:37:31","slug":"hyundai-staria-cat-v","status":"publish","type":"product","link":"https:\/\/www.avis.nc\/en\/vehicule\/hyundai-staria-cat-v\/","title":{"rendered":"Hyundai Staria (Cat. V)"},"content":{"rendered":"<h4 class=\"font-weight-bold\">Le minibus familial !<\/h4>\n<div class=\"board-content\">\n<p>Le minibus Hyundai Staria a 9 places est la solution id\u00e9ale pour vous d\u00e9placer en groupe en Nouvelle-Cal\u00e9donie. Avec sa capacit\u00e9 d&rsquo;accueil g\u00e9n\u00e9reuse, il peut facilement transporter les familles, les groupes d&rsquo;amis ou les touristes avec tous leurs \u00e9quipements. Son design moderne et spacieux offre un confort optimal \u00e0 tous les passagers, avec des si\u00e8ges bien rembourr\u00e9s et suffisamment d&rsquo;espace pour les jambes.<\/p>\n<p>Le Hyundai Staria poss\u00e8de des \u00e9quipements de s\u00e9curit\u00e9 avanc\u00e9s, tels que l&rsquo;assistance au freinage et les airbags, assurant une conduite s\u00fbre en ville comme en brousse. De plus, il dispose d&rsquo;un moteur puissant et \u00e9conome en carburant, ce qui en fait un choix \u00e9conomique pour les longs trajets. Le minibus Hyundai Staria est le compagnon id\u00e9al pour vos d\u00e9placements en groupe en Nouvelle-Cal\u00e9donie, offrant confort, s\u00e9curit\u00e9 et praticit\u00e9.<\/p>\n<\/div>","protected":false},"excerpt":{"rendered":"<h4 class=\"font-weight-bold\">Le minibus familial !<\/h4>\n<div class=\"board-content\">\n<p>Le minibus Hyundai Staria \u00e0 9 places est la solution id\u00e9ale pour vous d\u00e9placer en groupe en Nouvelle-Cal\u00e9donie. Avec sa capacit\u00e9 d&rsquo;accueil g\u00e9n\u00e9reuse, il peut facilement transporter les familles, les groupes d&rsquo;amis ou les touristes avec tout leur \u00e9quipement. Son design moderne et spacieux offre un confort optimal \u00e0 tous les passagers, avec des si\u00e8ges bien rembourr\u00e9s et suffisamment d&rsquo;espace pour les jambes.<\/p>\n<p>Le Hyundai Staria poss\u00e8de des \u00e9quipements de s\u00e9curit\u00e9 avanc\u00e9s, tels que l&rsquo;assistance au freinage et les airbags, assurant une conduite s\u00fbre en ville comme en brousse. De plus, il dispose d&rsquo;un moteur puissant et \u00e9conome en carburant, ce qui en fait un choix \u00e9conomique pour les longs trajets. Le minibus Hyundai Staria est le compagnon id\u00e9al pour vos d\u00e9placements en groupe en Nouvelle-Cal\u00e9donie, offrant confort, s\u00e9curit\u00e9 et praticit\u00e9.<\/p>\n<\/div>","protected":false},"featured_media":2681,"template":"","meta":{"_seopress_robots_primary_cat":"","_seopress_titles_title":"","_seopress_titles_desc":"","_seopress_robots_index":"","site-sidebar-layout":"default","site-content-layout":"default","ast-global-header-display":"","ast-main-header-display":"","ast-hfb-above-header-display":"","ast-hfb-below-header-display":"","ast-hfb-mobile-header-display":"","site-post-title":"","ast-breadcrumbs-content":"","ast-featured-img":"","footer-sml-layout":"","theme-transparent-header-meta":"default","adv-header-id-meta":"","stick-header-meta":"","header-above-stick-meta":"","header-main-stick-meta":"","header-below-stick-meta":""},"product_cat":[110],"product_tag":[],"agencies":[],"acf":[],"_links":{"self":[{"href":"https:\/\/www.avis.nc\/en\/wp-json\/wp\/v2\/product\/1817"}],"collection":[{"href":"https:\/\/www.avis.nc\/en\/wp-json\/wp\/v2\/product"}],"about":[{"href":"https:\/\/www.avis.nc\/en\/wp-json\/wp\/v2\/types\/product"}],"version-history":[{"count":2,"href":"https:\/\/www.avis.nc\/en\/wp-json\/wp\/v2\/product\/1817\/revisions"}],"predecessor-version":[{"id":2680,"href":"https:\/\/www.avis.nc\/en\/wp-json\/wp\/v2\/product\/1817\/revisions\/2680"}],"wp:featuredmedia":[{"embeddable":true,"href":"https:\/\/www.avis.nc\/en\/wp-json\/wp\/v2\/media\/2681"}],"wp:attachment":[{"href":"https:\/\/www.avis.nc\/en\/wp-json\/wp\/v2\/media?parent=1817"}],"wp:term":[{"taxonomy":"product_cat","embeddable":true,"href":"https:\/\/www.avis.nc\/en\/wp-json\/wp\/v2\/product_cat?post=1817"},{"taxonomy":"product_tag","embeddable":true,"href":"https:\/\/www.avis.nc\/en\/wp-json\/wp\/v2\/product_tag?post=1817"},{"taxonomy":"agencies","embeddable":true,"href":"https:\/\/www.avis.nc\/en\/wp-json\/wp\/v2\/agencies?post=1817"}],"curies":[{"name":"wp","href":"https:\/\/api.w.org\/{rel}","templated":true}]}}