{"id":1804,"date":"2023-06-20T04:58:22","date_gmt":"2023-06-20T04:58:22","guid":{"rendered":"https:\/\/www.avis.nc\/?post_type=product&#038;p=1804"},"modified":"2024-06-26T06:32:51","modified_gmt":"2024-06-26T06:32:51","slug":"toyota-raize-automatique","status":"publish","type":"product","link":"https:\/\/www.avis.nc\/en\/vehicule\/toyota-raize-automatique\/","title":{"rendered":"Toyota Raize (Cat. E)"},"content":{"rendered":"<h4 class=\"font-weight-bold\">Un petit SUV au grand espace !<\/h4>\n<p>&nbsp;<\/p>\n<div class=\"board-content\">\n<p>Ing\u00e9nieux et polyvalent, le TOYOTA RAIZE est id\u00e9al sur tous les trajets, que ce soit pour explorer la ville ou pour partir en week-end.<\/p>\n<p>Avec seulement 4,9m\u00e8tres de rayon de braquage, le TOYOTA RAIZE se faufile partout.<\/p>\n<\/div>","protected":false},"excerpt":{"rendered":"<h4 class=\"font-weight-bold\">Un int\u00e9rieur spacieux et modulable<\/h4>\n<p>&nbsp;<\/p>\n<div class=\"board-content\">\n<p>Installez-vous et profitez du voyage \u00e0 bord de votre TOYOTA RAIZE. Le coffre spacieux peut \u00eatre int\u00e9gralement utilis\u00e9 pour des chargements \u00e0 plat. Le double-plancher offre un espace de rangement suppl\u00e9mentaire ou permet une plus grande hauteur de charge.<\/p>\n<\/div>","protected":false},"featured_media":2666,"template":"","meta":{"_seopress_robots_primary_cat":"","_seopress_titles_title":"","_seopress_titles_desc":"","_seopress_robots_index":"","site-sidebar-layout":"default","site-content-layout":"default","ast-global-header-display":"","ast-main-header-display":"","ast-hfb-above-header-display":"","ast-hfb-below-header-display":"","ast-hfb-mobile-header-display":"","site-post-title":"","ast-breadcrumbs-content":"","ast-featured-img":"","footer-sml-layout":"","theme-transparent-header-meta":"default","adv-header-id-meta":"","stick-header-meta":"","header-above-stick-meta":"","header-main-stick-meta":"","header-below-stick-meta":""},"product_cat":[108],"product_tag":[],"agencies":[],"acf":[],"_links":{"self":[{"href":"https:\/\/www.avis.nc\/en\/wp-json\/wp\/v2\/product\/1804"}],"collection":[{"href":"https:\/\/www.avis.nc\/en\/wp-json\/wp\/v2\/product"}],"about":[{"href":"https:\/\/www.avis.nc\/en\/wp-json\/wp\/v2\/types\/product"}],"version-history":[{"count":1,"href":"https:\/\/www.avis.nc\/en\/wp-json\/wp\/v2\/product\/1804\/revisions"}],"predecessor-version":[{"id":2667,"href":"https:\/\/www.avis.nc\/en\/wp-json\/wp\/v2\/product\/1804\/revisions\/2667"}],"wp:featuredmedia":[{"embeddable":true,"href":"https:\/\/www.avis.nc\/en\/wp-json\/wp\/v2\/media\/2666"}],"wp:attachment":[{"href":"https:\/\/www.avis.nc\/en\/wp-json\/wp\/v2\/media?parent=1804"}],"wp:term":[{"taxonomy":"product_cat","embeddable":true,"href":"https:\/\/www.avis.nc\/en\/wp-json\/wp\/v2\/product_cat?post=1804"},{"taxonomy":"product_tag","embeddable":true,"href":"https:\/\/www.avis.nc\/en\/wp-json\/wp\/v2\/product_tag?post=1804"},{"taxonomy":"agencies","embeddable":true,"href":"https:\/\/www.avis.nc\/en\/wp-json\/wp\/v2\/agencies?post=1804"}],"curies":[{"name":"wp","href":"https:\/\/api.w.org\/{rel}","templated":true}]}}