{"id":163,"date":"2022-01-06T19:46:20","date_gmt":"2022-01-06T19:46:20","guid":{"rendered":"https:\/\/www.avis.nc\/?post_type=product&#038;p=163"},"modified":"2024-06-26T06:59:20","modified_gmt":"2024-06-26T06:59:20","slug":"toyota-rush","status":"publish","type":"product","link":"https:\/\/www.avis.nc\/en\/vehicule\/toyota-rush\/","title":{"rendered":"Toyota Rush (Cat. G)"},"content":{"rendered":"<h4 class=\"font-weight-bold\">SUV compact 7 places<\/h4>\n<div class=\"board-content\">\n<p>L\u2019attribut cl\u00e9 de ce superbe SUV est sa configuration \u00e0 7 si\u00e8ges, ce qui le rend id\u00e9al pour les grandes familles et les jeunes amateurs d\u2019aventure qui aiment voyager et explorer.<\/p>\n<p>Les si\u00e8ges sont pliables, ce qui permet de modifier les options de si\u00e8ge en fonction de vos besoins. Les si\u00e8ges peuvent \u00e9galement \u00eatre compl\u00e8tement supprim\u00e9s pour cr\u00e9er un espace de stockage suppl\u00e9mentaire pour de plus longs voyages ou pour transporter du mat\u00e9riel de camping et m\u00eame une planche de surf<\/p>\n<\/div>","protected":false},"excerpt":{"rendered":"<h4 class=\"font-weight-bold\">SUV compact 7 places<\/h4>\n<div class=\"board-content\">\n<p>L\u2019attribut cl\u00e9 de ce superbe SUV est sa configuration \u00e0 7 si\u00e8ges, ce qui le rend id\u00e9al pour les grandes familles et les jeunes amateurs d\u2019aventure qui aiment voyager et explorer.<\/p>\n<p>Les si\u00e8ges sont pliables, ce qui permet de modifier les options de si\u00e8ge en fonction de vos besoins. Les si\u00e8ges peuvent \u00e9galement \u00eatre compl\u00e8tement supprim\u00e9s pour cr\u00e9er un espace de stockage suppl\u00e9mentaire pour de plus longs voyages ou pour transporter du mat\u00e9riel de camping et m\u00eame une planche de surf<\/p>\n<\/div>","protected":false},"featured_media":2670,"template":"","meta":{"_seopress_robots_primary_cat":"","_seopress_titles_title":"","_seopress_titles_desc":"","_seopress_robots_index":"","site-sidebar-layout":"default","site-content-layout":"default","ast-global-header-display":"","ast-main-header-display":"","ast-hfb-above-header-display":"","ast-hfb-below-header-display":"","ast-hfb-mobile-header-display":"","site-post-title":"","ast-breadcrumbs-content":"","ast-featured-img":"","footer-sml-layout":"","theme-transparent-header-meta":"default","adv-header-id-meta":"","stick-header-meta":"","header-above-stick-meta":"","header-main-stick-meta":"","header-below-stick-meta":""},"product_cat":[108],"product_tag":[],"agencies":[],"acf":[],"_links":{"self":[{"href":"https:\/\/www.avis.nc\/en\/wp-json\/wp\/v2\/product\/163"}],"collection":[{"href":"https:\/\/www.avis.nc\/en\/wp-json\/wp\/v2\/product"}],"about":[{"href":"https:\/\/www.avis.nc\/en\/wp-json\/wp\/v2\/types\/product"}],"version-history":[{"count":1,"href":"https:\/\/www.avis.nc\/en\/wp-json\/wp\/v2\/product\/163\/revisions"}],"predecessor-version":[{"id":2671,"href":"https:\/\/www.avis.nc\/en\/wp-json\/wp\/v2\/product\/163\/revisions\/2671"}],"wp:featuredmedia":[{"embeddable":true,"href":"https:\/\/www.avis.nc\/en\/wp-json\/wp\/v2\/media\/2670"}],"wp:attachment":[{"href":"https:\/\/www.avis.nc\/en\/wp-json\/wp\/v2\/media?parent=163"}],"wp:term":[{"taxonomy":"product_cat","embeddable":true,"href":"https:\/\/www.avis.nc\/en\/wp-json\/wp\/v2\/product_cat?post=163"},{"taxonomy":"product_tag","embeddable":true,"href":"https:\/\/www.avis.nc\/en\/wp-json\/wp\/v2\/product_tag?post=163"},{"taxonomy":"agencies","embeddable":true,"href":"https:\/\/www.avis.nc\/en\/wp-json\/wp\/v2\/agencies?post=163"}],"curies":[{"name":"wp","href":"https:\/\/api.w.org\/{rel}","templated":true}]}}