{"id":160,"date":"2022-01-06T19:45:07","date_gmt":"2022-01-06T19:45:07","guid":{"rendered":"https:\/\/www.avis.nc\/?post_type=product&#038;p=160"},"modified":"2024-06-26T06:12:19","modified_gmt":"2024-06-26T06:12:19","slug":"nissan-micra","status":"publish","type":"product","link":"https:\/\/www.avis.nc\/en\/vehicule\/nissan-micra\/","title":{"rendered":"Suzuki Swift (Cat. B)"},"content":{"rendered":"<p>La Suzuki Swift pr\u00e9sente de nombreux avantages en Nouvelle-Cal\u00e9donie. Son design compact est parfait pour la ville et les routes sinueuses de l&rsquo;\u00eele, offrant une maniabilit\u00e9 exceptionnelle. De plus, sa consommation de carburant r\u00e9duite en fait une option \u00e9conomique pour les trajets sur de longues distances. Avec son int\u00e9rieur spacieux et confortable, elle peut accueillir les passagers et leurs bagages lors des explorations de l&rsquo;\u00eele. De plus, la Swift est \u00e9quip\u00e9e de fonctionnalit\u00e9s technologiques modernes, offrant une exp\u00e9rience de conduite agr\u00e9able.<\/p>","protected":false},"excerpt":{"rendered":"<p>La Suzuki Swift pr\u00e9sente de nombreux avantages en Nouvelle-Cal\u00e9donie. Son design compact est parfait pour la ville et les routes sinueuses de l&rsquo;\u00eele, offrant une maniabilit\u00e9 exceptionnelle. De plus, sa consommation de carburant r\u00e9duite en fait une option \u00e9conomique pour les trajets sur de longues distances. Avec son int\u00e9rieur spacieux et confortable, elle peut accueillir les passagers et leurs bagages lors des explorations de l&rsquo;\u00eele. De plus, la Swift est \u00e9quip\u00e9e de fonctionnalit\u00e9s technologiques modernes, offrant une exp\u00e9rience de conduite agr\u00e9able.<\/p>","protected":false},"featured_media":2657,"template":"","meta":{"_seopress_robots_primary_cat":"","_seopress_titles_title":"","_seopress_titles_desc":"","_seopress_robots_index":"","site-sidebar-layout":"default","site-content-layout":"default","ast-global-header-display":"","ast-main-header-display":"","ast-hfb-above-header-display":"","ast-hfb-below-header-display":"","ast-hfb-mobile-header-display":"","site-post-title":"","ast-breadcrumbs-content":"","ast-featured-img":"","footer-sml-layout":"","theme-transparent-header-meta":"default","adv-header-id-meta":"","stick-header-meta":"","header-above-stick-meta":"","header-main-stick-meta":"","header-below-stick-meta":""},"product_cat":[108],"product_tag":[],"agencies":[],"acf":[],"_links":{"self":[{"href":"https:\/\/www.avis.nc\/en\/wp-json\/wp\/v2\/product\/160"}],"collection":[{"href":"https:\/\/www.avis.nc\/en\/wp-json\/wp\/v2\/product"}],"about":[{"href":"https:\/\/www.avis.nc\/en\/wp-json\/wp\/v2\/types\/product"}],"version-history":[{"count":2,"href":"https:\/\/www.avis.nc\/en\/wp-json\/wp\/v2\/product\/160\/revisions"}],"predecessor-version":[{"id":2659,"href":"https:\/\/www.avis.nc\/en\/wp-json\/wp\/v2\/product\/160\/revisions\/2659"}],"wp:featuredmedia":[{"embeddable":true,"href":"https:\/\/www.avis.nc\/en\/wp-json\/wp\/v2\/media\/2657"}],"wp:attachment":[{"href":"https:\/\/www.avis.nc\/en\/wp-json\/wp\/v2\/media?parent=160"}],"wp:term":[{"taxonomy":"product_cat","embeddable":true,"href":"https:\/\/www.avis.nc\/en\/wp-json\/wp\/v2\/product_cat?post=160"},{"taxonomy":"product_tag","embeddable":true,"href":"https:\/\/www.avis.nc\/en\/wp-json\/wp\/v2\/product_tag?post=160"},{"taxonomy":"agencies","embeddable":true,"href":"https:\/\/www.avis.nc\/en\/wp-json\/wp\/v2\/agencies?post=160"}],"curies":[{"name":"wp","href":"https:\/\/api.w.org\/{rel}","templated":true}]}}