{"id":158,"date":"2022-01-06T19:39:46","date_gmt":"2022-01-06T19:39:46","guid":{"rendered":"https:\/\/www.avis.nc\/?post_type=product&#038;p=158"},"modified":"2024-06-26T06:18:55","modified_gmt":"2024-06-26T06:18:55","slug":"hyundai-i20","status":"publish","type":"product","link":"https:\/\/www.avis.nc\/en\/vehicule\/hyundai-i20\/","title":{"rendered":"Suzuki Swift (Cat. C)"},"content":{"rendered":"<p>La Hyundai i20 pr\u00e9sente un design \u00e9l\u00e9gant et moderne. Associ\u00e9 \u00e0 sa taille compacte, elle est parfaitement adapt\u00e9e aux routes \u00e9troites de la Nouvelle-Cal\u00e9donie. Sa transmission automatique facilite les d\u00e9placements aussi bien en ville que sur les routes de brousse. Sa conduite fluide et confortable vous assure une exp\u00e9rience optimale sur les longs trajets. De plus, l&rsquo;i20 dispose d&rsquo;un int\u00e9rieur spacieux, avec des fonctionnalit\u00e9s technologiques avanc\u00e9es, garantissant une exp\u00e9rience de conduite agr\u00e9able et connect\u00e9e.<\/p>","protected":false},"excerpt":{"rendered":"<p>La Hyundai i20 pr\u00e9sente un design \u00e9l\u00e9gant et moderne. Associ\u00e9 \u00e0 sa taille compacte, elle est parfaitement adapt\u00e9e aux routes \u00e9troites de la Nouvelle-Cal\u00e9donie. Sa transmission automatique facilite les d\u00e9placements aussi bien en ville que sur les routes de brousse. Sa conduite fluide et confortable vous assure une exp\u00e9rience optimale sur les longs trajets. De plus, l&rsquo;i20 dispose d&rsquo;un int\u00e9rieur spacieux, avec des fonctionnalit\u00e9s technologiques avanc\u00e9es, garantissant une exp\u00e9rience de conduite agr\u00e9able et connect\u00e9e.<\/p>","protected":false},"featured_media":2661,"template":"","meta":{"_seopress_robots_primary_cat":"","_seopress_titles_title":"","_seopress_titles_desc":"","_seopress_robots_index":"","site-sidebar-layout":"default","site-content-layout":"default","ast-global-header-display":"","ast-main-header-display":"","ast-hfb-above-header-display":"","ast-hfb-below-header-display":"","ast-hfb-mobile-header-display":"","site-post-title":"","ast-breadcrumbs-content":"","ast-featured-img":"","footer-sml-layout":"","theme-transparent-header-meta":"default","adv-header-id-meta":"","stick-header-meta":"","header-above-stick-meta":"","header-main-stick-meta":"","header-below-stick-meta":""},"product_cat":[108],"product_tag":[],"agencies":[],"acf":[],"_links":{"self":[{"href":"https:\/\/www.avis.nc\/en\/wp-json\/wp\/v2\/product\/158"}],"collection":[{"href":"https:\/\/www.avis.nc\/en\/wp-json\/wp\/v2\/product"}],"about":[{"href":"https:\/\/www.avis.nc\/en\/wp-json\/wp\/v2\/types\/product"}],"version-history":[{"count":2,"href":"https:\/\/www.avis.nc\/en\/wp-json\/wp\/v2\/product\/158\/revisions"}],"predecessor-version":[{"id":2663,"href":"https:\/\/www.avis.nc\/en\/wp-json\/wp\/v2\/product\/158\/revisions\/2663"}],"wp:featuredmedia":[{"embeddable":true,"href":"https:\/\/www.avis.nc\/en\/wp-json\/wp\/v2\/media\/2661"}],"wp:attachment":[{"href":"https:\/\/www.avis.nc\/en\/wp-json\/wp\/v2\/media?parent=158"}],"wp:term":[{"taxonomy":"product_cat","embeddable":true,"href":"https:\/\/www.avis.nc\/en\/wp-json\/wp\/v2\/product_cat?post=158"},{"taxonomy":"product_tag","embeddable":true,"href":"https:\/\/www.avis.nc\/en\/wp-json\/wp\/v2\/product_tag?post=158"},{"taxonomy":"agencies","embeddable":true,"href":"https:\/\/www.avis.nc\/en\/wp-json\/wp\/v2\/agencies?post=158"}],"curies":[{"name":"wp","href":"https:\/\/api.w.org\/{rel}","templated":true}]}}