{"id":2170,"date":"2023-10-11T23:25:04","date_gmt":"2023-10-11T23:25:04","guid":{"rendered":"https:\/\/www.avis.nc\/?page_id=2170"},"modified":"2024-05-28T02:52:21","modified_gmt":"2024-05-28T02:52:21","slug":"regles-de-conduite","status":"publish","type":"page","link":"https:\/\/www.avis.nc\/en\/regles-de-conduite\/","title":{"rendered":"Driving rules"},"content":{"rendered":"<div data-elementor-type=\"wp-page\" data-elementor-id=\"2170\" class=\"elementor elementor-2170\">\n\t\t\t\t\t\t\t\t\t<section class=\"elementor-section elementor-top-section elementor-element elementor-element-34c453f elementor-section-height-min-height elementor-section-items-stretch elementor-section-boxed elementor-section-height-default\" data-id=\"34c453f\" data-element_type=\"section\" data-settings=\"{&quot;background_background&quot;:&quot;classic&quot;}\">\n\t\t\t\t\t\t<div class=\"elementor-container elementor-column-gap-default\">\n\t\t\t\t\t<div class=\"elementor-column elementor-col-100 elementor-top-column elementor-element elementor-element-15c6b3d\" data-id=\"15c6b3d\" data-element_type=\"column\">\n\t\t\t<div class=\"elementor-widget-wrap elementor-element-populated\">\n\t\t\t\t\t\t\t\t<div class=\"elementor-element elementor-element-6005548 elementor-widget__width-auto elementor-widget elementor-widget-heading\" data-id=\"6005548\" data-element_type=\"widget\" data-widget_type=\"heading.default\">\n\t\t\t\t<div class=\"elementor-widget-container\">\n\t\t\t<style>\/*! elementor - v3.7.8 - 02-10-2022 *\/\n.elementor-heading-title{padding:0;margin:0;line-height:1}.elementor-widget-heading .elementor-heading-title[class*=elementor-size-]>a{color:inherit;font-size:inherit;line-height:inherit}.elementor-widget-heading .elementor-heading-title.elementor-size-small{font-size:15px}.elementor-widget-heading .elementor-heading-title.elementor-size-medium{font-size:19px}.elementor-widget-heading .elementor-heading-title.elementor-size-large{font-size:29px}.elementor-widget-heading .elementor-heading-title.elementor-size-xl{font-size:39px}.elementor-widget-heading .elementor-heading-title.elementor-size-xxl{font-size:59px}<\/style><h1 class=\"elementor-heading-title elementor-size-default\">Driving rules<\/h1>\t\t<\/div>\n\t\t\t\t<\/div>\n\t\t\t\t\t<\/div>\n\t\t<\/div>\n\t\t\t\t\t\t\t<\/div>\n\t\t<\/section>\n\t\t\t\t<section class=\"elementor-section elementor-top-section elementor-element elementor-element-145909c elementor-section-boxed elementor-section-height-default elementor-section-height-default\" data-id=\"145909c\" data-element_type=\"section\">\n\t\t\t\t\t\t<div class=\"elementor-container elementor-column-gap-default\">\n\t\t\t\t\t<div class=\"elementor-column elementor-col-100 elementor-top-column elementor-element elementor-element-84bc940\" data-id=\"84bc940\" data-element_type=\"column\">\n\t\t\t<div class=\"elementor-widget-wrap elementor-element-populated\">\n\t\t\t\t\t\t\t\t<div class=\"elementor-element elementor-element-5b4a0b9 elementor-widget elementor-widget-heading\" data-id=\"5b4a0b9\" data-element_type=\"widget\" data-widget_type=\"heading.default\">\n\t\t\t\t<div class=\"elementor-widget-container\">\n\t\t\t<h2 class=\"elementor-heading-title elementor-size-default\">R\u00e8gles de la route<\/h2>\t\t<\/div>\n\t\t\t\t<\/div>\n\t\t\t\t<div class=\"elementor-element elementor-element-fe3a604 elementor-widget elementor-widget-text-editor\" data-id=\"fe3a604\" data-element_type=\"widget\" data-widget_type=\"text-editor.default\">\n\t\t\t\t<div class=\"elementor-widget-container\">\n\t\t\t<style>\/*! elementor - v3.7.8 - 02-10-2022 *\/\n.elementor-widget-text-editor.elementor-drop-cap-view-stacked .elementor-drop-cap{background-color:#818a91;color:#fff}.elementor-widget-text-editor.elementor-drop-cap-view-framed .elementor-drop-cap{color:#818a91;border:3px solid;background-color:transparent}.elementor-widget-text-editor:not(.elementor-drop-cap-view-default) .elementor-drop-cap{margin-top:8px}.elementor-widget-text-editor:not(.elementor-drop-cap-view-default) .elementor-drop-cap-letter{width:1em;height:1em}.elementor-widget-text-editor .elementor-drop-cap{float:left;text-align:center;line-height:1;font-size:50px}.elementor-widget-text-editor .elementor-drop-cap-letter{display:inline-block}<\/style>\t\t\t\t<p style=\"margin-bottom: 1.4rem; color: #0b2033; font-family: Montserrat, 'Helvetica Neue', Arial, sans-serif; font-size: 15px; font-style: normal; font-weight: 400;\">La Nouvelle-Cal\u00e9donie applique le m\u00eame code de la route que les autorit\u00e9s fran\u00e7aises, le code de la route est le m\u00eame qu&rsquo;en m\u00e9tropole. La conduite se fait du c\u00f4t\u00e9 droit de la route. Aux intersections sans signalisation particuli\u00e8re, la priorit\u00e9 est au v\u00e9hicule arrivant de droite.<\/p>\t\t\t\t\t\t<\/div>\n\t\t\t\t<\/div>\n\t\t\t\t\t<\/div>\n\t\t<\/div>\n\t\t\t\t\t\t\t<\/div>\n\t\t<\/section>\n\t\t\t\t<section class=\"elementor-section elementor-top-section elementor-element elementor-element-ff98e76 elementor-section-boxed elementor-section-height-default elementor-section-height-default\" data-id=\"ff98e76\" data-element_type=\"section\">\n\t\t\t\t\t\t<div class=\"elementor-container elementor-column-gap-default\">\n\t\t\t\t\t<div class=\"elementor-column elementor-col-100 elementor-top-column elementor-element elementor-element-72dac19\" data-id=\"72dac19\" data-element_type=\"column\">\n\t\t\t<div class=\"elementor-widget-wrap elementor-element-populated\">\n\t\t\t\t\t\t\t\t<div class=\"elementor-element elementor-element-8606501 elementor-widget elementor-widget-heading\" data-id=\"8606501\" data-element_type=\"widget\" data-widget_type=\"heading.default\">\n\t\t\t\t<div class=\"elementor-widget-container\">\n\t\t\t<h2 class=\"elementor-heading-title elementor-size-default\">Limitation de vitesse<\/h2>\t\t<\/div>\n\t\t\t\t<\/div>\n\t\t\t\t<div class=\"elementor-element elementor-element-b81eb29 elementor-widget elementor-widget-text-editor\" data-id=\"b81eb29\" data-element_type=\"widget\" data-widget_type=\"text-editor.default\">\n\t\t\t\t<div class=\"elementor-widget-container\">\n\t\t\t\t\t\t\t<p style=\"margin-bottom: 1.4rem; color: #0b2033; font-family: Montserrat, 'Helvetica Neue', Arial, sans-serif; font-size: 15px; font-style: normal; font-weight: 400;\">En dehors de signalisation particuli\u00e8re, les limitations de vitesse en Nouvelle-Cal\u00e9donie sont les suivantes :<\/p><ul><li><span style=\"font-style: inherit; font-weight: inherit; letter-spacing: var( --e-global-typography-1aa6373-letter-spacing ); word-spacing: var( --e-global-typography-1aa6373-word-spacing ); background-color: var(--bs-body-bg); text-align: var(--bs-body-text-align);\">Agglom\u00e9ration : 50 km\/h<\/span><\/li><li><span style=\"font-style: inherit; font-weight: inherit; letter-spacing: var( --e-global-typography-1aa6373-letter-spacing ); word-spacing: var( --e-global-typography-1aa6373-word-spacing ); background-color: var(--bs-body-bg); text-align: var(--bs-body-text-align);\">SAV Express : 70 km\/h<\/span><\/li><li><span style=\"font-style: inherit; font-weight: inherit; letter-spacing: var( --e-global-typography-1aa6373-letter-spacing ); word-spacing: var( --e-global-typography-1aa6373-word-spacing ); background-color: var(--bs-body-bg); text-align: var(--bs-body-text-align);\">Hors Agglom\u00e9ration : 110 km\/h (sauf signalisation sp\u00e9cifique)<\/span><\/li><\/ul>\t\t\t\t\t\t<\/div>\n\t\t\t\t<\/div>\n\t\t\t\t\t<\/div>\n\t\t<\/div>\n\t\t\t\t\t\t\t<\/div>\n\t\t<\/section>\n\t\t\t\t<section class=\"elementor-section elementor-top-section elementor-element elementor-element-c3a43b2 elementor-section-height-min-height elementor-section-boxed elementor-section-height-default elementor-section-items-middle\" data-id=\"c3a43b2\" data-element_type=\"section\">\n\t\t\t\t\t\t<div class=\"elementor-container elementor-column-gap-default\">\n\t\t\t\t\t<div class=\"elementor-column elementor-col-100 elementor-top-column elementor-element elementor-element-1f806e6\" data-id=\"1f806e6\" data-element_type=\"column\">\n\t\t\t<div class=\"elementor-widget-wrap elementor-element-populated\">\n\t\t\t\t\t\t\t\t<div class=\"elementor-element elementor-element-59b0c10 elementor-widget elementor-widget-heading\" data-id=\"59b0c10\" data-element_type=\"widget\" data-widget_type=\"heading.default\">\n\t\t\t\t<div class=\"elementor-widget-container\">\n\t\t\t<h2 class=\"elementor-heading-title elementor-size-default\">P\u00e9ages et parking<\/h2>\t\t<\/div>\n\t\t\t\t<\/div>\n\t\t\t\t<div class=\"elementor-element elementor-element-61449c4 elementor-widget elementor-widget-text-editor\" data-id=\"61449c4\" data-element_type=\"widget\" data-widget_type=\"text-editor.default\">\n\t\t\t\t<div class=\"elementor-widget-container\">\n\t\t\t\t\t\t\t<p>Il n&rsquo; y a aucune route \u00e0 p\u00e9age en Nouvelle-Cal\u00e9donie, toutes les routes sont gratuites.\u00a0<\/p><p><span style=\"color: #0b2033; font-family: Montserrat, 'Helvetica Neue', Arial, sans-serif; font-size: var( --e-global-typography-1aa6373-font-size ); font-weight: var( --e-global-typography-1aa6373-font-weight ); letter-spacing: var( --e-global-typography-1aa6373-letter-spacing ); word-spacing: var( --e-global-typography-1aa6373-word-spacing ); background-color: var(--bs-body-bg); text-align: var(--bs-body-text-align);\">Le stationnement \u00e0 Noum\u00e9a peut \u00eatre payant en fonction des zones de la ville. En centre ville, il y a deux types de zones, rouge et bleu, le paiement se fait aux bornes horodateur. Dans les autres quartiers de la ville, le stationnement est g\u00e9n\u00e9ralement gratuit. Le stationnement est gratuit le dimanche de partout. Pour des raisons de s\u00e9curit\u00e9, il est pr\u00e9f\u00e9rable de laisser sa voiture sur un parking surveill\u00e9.\u00a0<\/span><\/p>\t\t\t\t\t\t<\/div>\n\t\t\t\t<\/div>\n\t\t\t\t\t<\/div>\n\t\t<\/div>\n\t\t\t\t\t\t\t<\/div>\n\t\t<\/section>\n\t\t\t\t<section class=\"elementor-section elementor-top-section elementor-element elementor-element-fe3b37d elementor-section-boxed elementor-section-height-default elementor-section-height-default\" data-id=\"fe3b37d\" data-element_type=\"section\">\n\t\t\t\t\t\t<div class=\"elementor-container elementor-column-gap-default\">\n\t\t\t\t\t<div class=\"elementor-column elementor-col-100 elementor-top-column elementor-element elementor-element-2994a68\" data-id=\"2994a68\" data-element_type=\"column\">\n\t\t\t<div class=\"elementor-widget-wrap elementor-element-populated\">\n\t\t\t\t\t\t\t\t<div class=\"elementor-element elementor-element-829e56a elementor-widget elementor-widget-heading\" data-id=\"829e56a\" data-element_type=\"widget\" data-widget_type=\"heading.default\">\n\t\t\t\t<div class=\"elementor-widget-container\">\n\t\t\t<h2 class=\"elementor-heading-title elementor-size-default\">Carburant<\/h2>\t\t<\/div>\n\t\t\t\t<\/div>\n\t\t\t\t<div class=\"elementor-element elementor-element-e2d2949 elementor-widget elementor-widget-text-editor\" data-id=\"e2d2949\" data-element_type=\"widget\" data-widget_type=\"text-editor.default\">\n\t\t\t\t<div class=\"elementor-widget-container\">\n\t\t\t\t\t\t\t<p style=\"margin-bottom: 1.4rem; color: #0b2033; font-family: Montserrat, 'Helvetica Neue', Arial, sans-serif; font-size: 15px; font-style: normal; font-weight: 400;\">Le prix des carburants est beaucoup moins \u00e9lev\u00e9 en Nouvelle-Cal\u00e9donie que dans l&rsquo;hexagone. Vous trouverez des stations services dans la plupart des viles. En r\u00e8gle g\u00e9n\u00e9rale, vous ne remplissez pas vous-m\u00eame votre r\u00e9servoir mais des employ\u00e9s s&rsquo;en chargent. Le tarif des carburant est fix\u00e9 par le gouvernement local, il est le m\u00eame dans toutes les stations au m\u00eame moment.<\/p>\t\t\t\t\t\t<\/div>\n\t\t\t\t<\/div>\n\t\t\t\t\t<\/div>\n\t\t<\/div>\n\t\t\t\t\t\t\t<\/div>\n\t\t<\/section>\n\t\t\t\t<section class=\"elementor-section elementor-top-section elementor-element elementor-element-a7fe1a9 elementor-section-boxed elementor-section-height-default elementor-section-height-default\" data-id=\"a7fe1a9\" data-element_type=\"section\">\n\t\t\t\t\t\t<div class=\"elementor-container elementor-column-gap-default\">\n\t\t\t\t\t<div class=\"elementor-column elementor-col-100 elementor-top-column elementor-element elementor-element-50d29dd\" data-id=\"50d29dd\" data-element_type=\"column\">\n\t\t\t<div class=\"elementor-widget-wrap elementor-element-populated\">\n\t\t\t\t\t\t\t\t<div class=\"elementor-element elementor-element-76638f0 elementor-widget elementor-widget-heading\" data-id=\"76638f0\" data-element_type=\"widget\" data-widget_type=\"heading.default\">\n\t\t\t\t<div class=\"elementor-widget-container\">\n\t\t\t<h2 class=\"elementor-heading-title elementor-size-default\">Permis de conduire<\/h2>\t\t<\/div>\n\t\t\t\t<\/div>\n\t\t\t\t<div class=\"elementor-element elementor-element-a28bc41 elementor-widget elementor-widget-text-editor\" data-id=\"a28bc41\" data-element_type=\"widget\" data-widget_type=\"text-editor.default\">\n\t\t\t\t<div class=\"elementor-widget-container\">\n\t\t\t\t\t\t\t<p style=\"margin-bottom: 1.4rem; color: #0b2033; font-family: Montserrat, 'Helvetica Neue', Arial, sans-serif; font-size: 15px; font-style: normal; font-weight: 400;\">Pour rouler et louer une voiture en Nouvelle-Cal\u00e9donie, vous aurez besoin d\u2019un permis de conduire valide. Celui-ci devra avoir \u00e9t\u00e9 d\u00e9livr\u00e9 en France ou dans l\u2019Union Europ\u00e9enne. Un permis de conduire international convient \u00e9galement.<\/p>\t\t\t\t\t\t<\/div>\n\t\t\t\t<\/div>\n\t\t\t\t\t<\/div>\n\t\t<\/div>\n\t\t\t\t\t\t\t<\/div>\n\t\t<\/section>\n\t\t\t\t\t\t\t<\/div>","protected":false},"excerpt":{"rendered":"<p>R\u00e8gles de conduite R\u00e8gles de la route La Nouvelle-Cal\u00e9donie applique le m\u00eame code de la route que les autorit\u00e9s fran\u00e7aises, le code de la route est le m\u00eame qu&rsquo;en m\u00e9tropole. La conduite se fait du c\u00f4t\u00e9 droit de la route. Aux intersections sans signalisation particuli\u00e8re, la priorit\u00e9 est au v\u00e9hicule arrivant de droite. Limitation de &hellip;<\/p>\n<p class=\"read-more\"> <a class=\"\" href=\"https:\/\/www.avis.nc\/en\/regles-de-conduite\/\"> <span class=\"screen-reader-text\">Driving rules<\/span> Read More &raquo;<\/a><\/p>","protected":false},"author":3,"featured_media":0,"parent":0,"menu_order":0,"comment_status":"closed","ping_status":"closed","template":"","meta":{"_seopress_robots_primary_cat":"","_seopress_titles_title":"","_seopress_titles_desc":"","_seopress_robots_index":"","site-sidebar-layout":"no-sidebar","site-content-layout":"page-builder","ast-global-header-display":"","ast-main-header-display":"","ast-hfb-above-header-display":"","ast-hfb-below-header-display":"","ast-hfb-mobile-header-display":"","site-post-title":"disabled","ast-breadcrumbs-content":"","ast-featured-img":"disabled","footer-sml-layout":"","theme-transparent-header-meta":"default","adv-header-id-meta":"","stick-header-meta":"","header-above-stick-meta":"","header-main-stick-meta":"","header-below-stick-meta":""},"acf":[],"_links":{"self":[{"href":"https:\/\/www.avis.nc\/en\/wp-json\/wp\/v2\/pages\/2170"}],"collection":[{"href":"https:\/\/www.avis.nc\/en\/wp-json\/wp\/v2\/pages"}],"about":[{"href":"https:\/\/www.avis.nc\/en\/wp-json\/wp\/v2\/types\/page"}],"author":[{"embeddable":true,"href":"https:\/\/www.avis.nc\/en\/wp-json\/wp\/v2\/users\/3"}],"replies":[{"embeddable":true,"href":"https:\/\/www.avis.nc\/en\/wp-json\/wp\/v2\/comments?post=2170"}],"version-history":[{"count":10,"href":"https:\/\/www.avis.nc\/en\/wp-json\/wp\/v2\/pages\/2170\/revisions"}],"predecessor-version":[{"id":2632,"href":"https:\/\/www.avis.nc\/en\/wp-json\/wp\/v2\/pages\/2170\/revisions\/2632"}],"wp:attachment":[{"href":"https:\/\/www.avis.nc\/en\/wp-json\/wp\/v2\/media?parent=2170"}],"curies":[{"name":"wp","href":"https:\/\/api.w.org\/{rel}","templated":true}]}}