{"id":2126,"date":"2023-10-11T22:49:39","date_gmt":"2023-10-11T22:49:39","guid":{"rendered":"https:\/\/www.avis.nc\/?page_id=2126"},"modified":"2023-10-11T23:05:40","modified_gmt":"2023-10-11T23:05:40","slug":"mentions-legales","status":"publish","type":"page","link":"https:\/\/www.avis.nc\/en\/mentions-legales\/","title":{"rendered":"Legal notice"},"content":{"rendered":"<div data-elementor-type=\"wp-page\" data-elementor-id=\"2126\" class=\"elementor elementor-2126\">\n\t\t\t\t\t\t\t\t\t<section class=\"elementor-section elementor-top-section elementor-element elementor-element-aecb34d elementor-section-height-min-height elementor-section-items-stretch elementor-section-boxed elementor-section-height-default\" data-id=\"aecb34d\" data-element_type=\"section\" data-settings=\"{&quot;background_background&quot;:&quot;classic&quot;}\">\n\t\t\t\t\t\t<div class=\"elementor-container elementor-column-gap-default\">\n\t\t\t\t\t<div class=\"elementor-column elementor-col-100 elementor-top-column elementor-element elementor-element-ea69dae\" data-id=\"ea69dae\" data-element_type=\"column\">\n\t\t\t<div class=\"elementor-widget-wrap elementor-element-populated\">\n\t\t\t\t\t\t\t\t<div class=\"elementor-element elementor-element-74dbd66 elementor-widget__width-auto elementor-widget elementor-widget-heading\" data-id=\"74dbd66\" data-element_type=\"widget\" data-widget_type=\"heading.default\">\n\t\t\t\t<div class=\"elementor-widget-container\">\n\t\t\t<style>\/*! elementor - v3.7.8 - 02-10-2022 *\/\n.elementor-heading-title{padding:0;margin:0;line-height:1}.elementor-widget-heading .elementor-heading-title[class*=elementor-size-]>a{color:inherit;font-size:inherit;line-height:inherit}.elementor-widget-heading .elementor-heading-title.elementor-size-small{font-size:15px}.elementor-widget-heading .elementor-heading-title.elementor-size-medium{font-size:19px}.elementor-widget-heading .elementor-heading-title.elementor-size-large{font-size:29px}.elementor-widget-heading .elementor-heading-title.elementor-size-xl{font-size:39px}.elementor-widget-heading .elementor-heading-title.elementor-size-xxl{font-size:59px}<\/style><h1 class=\"elementor-heading-title elementor-size-default\">Legal notice<\/h1>\t\t<\/div>\n\t\t\t\t<\/div>\n\t\t\t\t\t<\/div>\n\t\t<\/div>\n\t\t\t\t\t\t\t<\/div>\n\t\t<\/section>\n\t\t\t\t<section class=\"elementor-section elementor-top-section elementor-element elementor-element-d347b52 elementor-section-boxed elementor-section-height-default elementor-section-height-default\" data-id=\"d347b52\" data-element_type=\"section\">\n\t\t\t\t\t\t<div class=\"elementor-container elementor-column-gap-default\">\n\t\t\t\t\t<div class=\"elementor-column elementor-col-100 elementor-top-column elementor-element elementor-element-9d2042f\" data-id=\"9d2042f\" data-element_type=\"column\">\n\t\t\t<div class=\"elementor-widget-wrap elementor-element-populated\">\n\t\t\t\t\t\t\t\t<div class=\"elementor-element elementor-element-5bb56e2 elementor-widget elementor-widget-heading\" data-id=\"5bb56e2\" data-element_type=\"widget\" data-widget_type=\"heading.default\">\n\t\t\t\t<div class=\"elementor-widget-container\">\n\t\t\t<h2 class=\"elementor-heading-title elementor-size-default\">Information \u00e9diteur<\/h2>\t\t<\/div>\n\t\t\t\t<\/div>\n\t\t\t\t<div class=\"elementor-element elementor-element-7f0b757 elementor-widget elementor-widget-text-editor\" data-id=\"7f0b757\" data-element_type=\"widget\" data-widget_type=\"text-editor.default\">\n\t\t\t\t<div class=\"elementor-widget-container\">\n\t\t\t<style>\/*! elementor - v3.7.8 - 02-10-2022 *\/\n.elementor-widget-text-editor.elementor-drop-cap-view-stacked .elementor-drop-cap{background-color:#818a91;color:#fff}.elementor-widget-text-editor.elementor-drop-cap-view-framed .elementor-drop-cap{color:#818a91;border:3px solid;background-color:transparent}.elementor-widget-text-editor:not(.elementor-drop-cap-view-default) .elementor-drop-cap{margin-top:8px}.elementor-widget-text-editor:not(.elementor-drop-cap-view-default) .elementor-drop-cap-letter{width:1em;height:1em}.elementor-widget-text-editor .elementor-drop-cap{float:left;text-align:center;line-height:1;font-size:50px}.elementor-widget-text-editor .elementor-drop-cap-letter{display:inline-block}<\/style>\t\t\t\t<p>Directeur de la publication : A.Viano<\/p><p>Conception graphique :\u00a0<a href=\"https:\/\/www.oneshot.nc\/\">ONE SHOT<\/a><\/p><p>D\u00e9veloppement web :\u00a0<a href=\"https:\/\/www.oneshot.nc\/\" target=\"_blank\" rel=\"noopener\">ONE SHOT<\/a><\/p><p>Raison sociale : SLAP SARL \u2013 RIDET 211813-001<\/p><p>Si\u00e8ge social : 11 rue Georges Baudoux \u2013 BP438 \u2013 98846 NOUMEA \u2013 Nouvelle Cal\u00e9donie<\/p><p>T\u00e9l\u00e9phone : (+687) 27.60.60<\/p><p>E-mail : contact@avis.nc<\/p><p>Le site internet Avis Nouvelle Caledonie (www.avis.nc) est h\u00e9berg\u00e9 par : ONE SHOT \u2013 BP9499 \u2013 98807 NOUMEA CEDEX \u2013 Nouvelle Cal\u00e9donie<\/p>\t\t\t\t\t\t<\/div>\n\t\t\t\t<\/div>\n\t\t\t\t<div class=\"elementor-element elementor-element-f80e25b elementor-widget elementor-widget-heading\" data-id=\"f80e25b\" data-element_type=\"widget\" data-widget_type=\"heading.default\">\n\t\t\t\t<div class=\"elementor-widget-container\">\n\t\t\t<h2 class=\"elementor-heading-title elementor-size-default\">Donn\u00e9es personnelles et droits de reproduction<\/h2>\t\t<\/div>\n\t\t\t\t<\/div>\n\t\t\t\t<div class=\"elementor-element elementor-element-979a5c2 elementor-widget elementor-widget-text-editor\" data-id=\"979a5c2\" data-element_type=\"widget\" data-widget_type=\"text-editor.default\">\n\t\t\t\t<div class=\"elementor-widget-container\">\n\t\t\t\t\t\t\t<p>L\u2019utilisateur du pr\u00e9sent site reconna\u00eet disposer de la comp\u00e9tence des moyens n\u00e9cessaires pour utiliser et acc\u00e9der \u00e0 ce site et avoir v\u00e9rifi\u00e9 que la configuration informatique utilis\u00e9e ne contient aucun virus et qu\u2019elle est en parfait \u00e9tat de fonctionnement.<\/p><p>L\u2019utilisateur reconna\u00eet avoir \u00e9t\u00e9 inform\u00e9 que le pr\u00e9sent site est accessible 24 heures sur 24 et 7 jours sur 7, \u00e0 l\u2019exception des cas de force majeure, difficult\u00e9s informatiques, difficult\u00e9s li\u00e9es \u00e0 la structure des r\u00e9seaux de communications ou difficult\u00e9s techniques.<\/p><p>Pour des raisons de maintenance, SLAP SARL pourra interrompre le site et s\u2019efforcera d\u2019en avertir pr\u00e9alablement les utilisateurs.<\/p><p>En conformit\u00e9 avec les dispositions de la loi du 6 janvier 1978 relative \u00e0 l\u2019Informatique, aux fichiers et aux libert\u00e9s, le traitement automatis\u00e9 de donn\u00e9es nominatives r\u00e9alis\u00e9 et \u00e0 partir de ce site web a fait l\u2019objet d\u2019une d\u00e9claration aupr\u00e8s de la Commission Nationale de l\u2019Informatique et des Libert\u00e9s (CNIL).<\/p><p>Par ailleurs SLAP SARL s\u2019engage \u00e0 se mettre en conformit\u00e9 avec le r\u00e8glement g\u00e9n\u00e9ral sur la protection des donn\u00e9es (RGPD) applicable en Nouvelle-Cal\u00e9donie depuis le 1er juin 2019.L\u2019utilisateur est notamment inform\u00e9, que les informations qu\u2019il communique en r\u00e9pondant s\u2019il le souhaite aux formulaires pr\u00e9sents sur le site sont n\u00e9cessaires \u00e0 SLAP SARL, responsable du traitement, \u00e0 des fins de gestion administrative et commerciale.<\/p><p>L\u2019utilisateur a la facult\u00e9 d\u2019accepter que les informations li\u00e9es \u00e0 son inscription au site soient communiqu\u00e9es par SLAP SARL \u00e0 d\u2019autres soci\u00e9t\u00e9s ou partenaires ou utilis\u00e9es par ces soci\u00e9t\u00e9s qui pourront le contacter et lui adresser leurs offres et leurs promotions par e-mail, SMS et par voie postale.<\/p><p>Conform\u00e9ment \u00e0 la loi informatiques et libert\u00e9s, chaque utilisateur dispose d\u2019un droit d\u2019acc\u00e8s, de radiation et de rectification sur les donn\u00e9es personnelles le concernant, en \u00e9crivant \u00e0 l\u2019adresse\u00a0<a href=\"mailto:a.viano@groupedang.nc\">a.viano@groupedang.nc<\/a>.<\/p><p>L\u2019utilisateur est inform\u00e9 que lors de ses visites sur le site un cookie peut s\u2019installer automatiquement sur son logiciel de navigation.<\/p><p>L\u2019utilisateur qui veut faire conna\u00eetre le site \u00e0 un de ses amis est inform\u00e9 que les coordonn\u00e9es de son ami ne seront pas conserv\u00e9es.<\/p><p>Le cookie est un bloc de donn\u00e9es qui ne permet pas d\u2019identifier l\u2019utilisateur mais qui sert \u00e0 enregistrer des informations relatives \u00e0 la navigation de celui-ci sur le site.L\u2019utilisateur dispose d\u2019un droit d\u2019acc\u00e8s, de retrait et de modification des donn\u00e9es personnelles communiqu\u00e9es par le biais du cookie dans les conditions indiqu\u00e9es ci-dessus.<\/p><p>Les informations nominatives concernant l\u2019utilisateur sont destin\u00e9es \u00e0 SLAP SARL.<\/p><p>Par ailleurs, les donn\u00e9es concernant les utilisateurs sont stock\u00e9es sur des serveurs situ\u00e9s en Nouvelle-Cal\u00e9donie.<\/p><p>L\u2019utilisateur du pr\u00e9sent site est tenu de respecter les dispositions de la loi relative \u00e0 l\u2019Informatique, aux fichiers et aux libert\u00e9s, dont la violation est passible de sanctions p\u00e9nales.Il doit notamment s\u2019abstenir, s\u2019agissant des informations nominatives auxquelles il acc\u00e8de, de toute collecte, de toute utilisation d\u00e9tourn\u00e9e, et d\u2019une mani\u00e8re g\u00e9n\u00e9rale, de tout acte susceptible de porter atteinte \u00e0 la vie priv\u00e9e ou \u00e0 la r\u00e9putation des personnes.<\/p><p>La structure g\u00e9n\u00e9rale, ainsi que les logiciels, textes, images anim\u00e9es ou non, son savoir-faire, et tous autres \u00e9l\u00e9ments composants le site sont la propri\u00e9t\u00e9 exclusive de SLAP SARL.<\/p><p>Toute repr\u00e9sentation totale ou partielle de ce site par quelque proc\u00e9d\u00e9 que ce soit, sans l\u2019autorisation expresse de SLAP SARL est interdite et constituerait une contrefa\u00e7on sanctionn\u00e9e par les articles L.335-2 et suivants du Code de la propri\u00e9t\u00e9 intellectuelle.<\/p><p>Il en est de m\u00eame des bases de donn\u00e9es figurant sur le site web, qui sont prot\u00e9g\u00e9es par les dispositions de la loi du 1er juillet 1998 portant transposition dans le Code de la propri\u00e9t\u00e9 intellectuelle de la directive europ\u00e9enne du 11 mars 1996 relative \u00e0 la protection juridique des bases de donn\u00e9es, et dont SLAP SARL est producteur.<\/p><p>Les marques de SLAP SARL et de ses partenaires, ainsi que les logos figurant sur le site ne sont pas libres de droit.<\/p><p>Toute reproduction totale ou partielle de ces marques ou de ces logos, effectu\u00e9e \u00e0 partir des \u00e9l\u00e9ments du site sans l\u2019autorisation expresse de SLAP SARL est donc prohib\u00e9e, au sens de l\u2019article L.713-2 du Code de la propri\u00e9t\u00e9 intellectuelle.<\/p><p>Les liens hypertextes mis en place dans le cadre du pr\u00e9sent site web en direction d\u2019autres ressources pr\u00e9sentes sur le r\u00e9seau Internet, et notamment vers ses partenaires ont fait l\u2019objet d\u2019une autorisation pr\u00e9alable, expresse et \u00e9crite.<\/p><p>Tout utilisateur ou visiteur du site web ne peut mettre en place un hyperlien en direction de ce site sans l\u2019autorisation expresse et pr\u00e9alable de SLAP SARL.<\/p><p>SLAP SARL met tout en \u0153uvre pour offrir aux utilisateurs des informations et\/ou outils disponibles et v\u00e9rifi\u00e9s, mais ne saurait \u00eatre tenue pour responsable des erreurs, d\u2019une absence de disponibilit\u00e9 des informations et\/ou de la pr\u00e9sence de virus sur son site.<\/p>\t\t\t\t\t\t<\/div>\n\t\t\t\t<\/div>\n\t\t\t\t\t<\/div>\n\t\t<\/div>\n\t\t\t\t\t\t\t<\/div>\n\t\t<\/section>\n\t\t\t\t\t\t\t<\/div>","protected":false},"excerpt":{"rendered":"<p>Mentions l\u00e9gales Information \u00e9diteur Directeur de la publication : A.Viano Conception graphique :\u00a0ONE SHOT D\u00e9veloppement web :\u00a0ONE SHOT Raison sociale : SLAP SARL \u2013 RIDET 211813-001 Si\u00e8ge social : 11 rue Georges Baudoux \u2013 BP438 \u2013 98846 NOUMEA \u2013 Nouvelle Cal\u00e9donie T\u00e9l\u00e9phone : (+687) 27.60.60 E-mail : contact@avis.nc Le site internet Avis Nouvelle Caledonie (www.avis.nc) &hellip;<\/p>\n<p class=\"read-more\"> <a class=\"\" href=\"https:\/\/www.avis.nc\/en\/mentions-legales\/\"> <span class=\"screen-reader-text\">Legal notice<\/span> Read More &raquo;<\/a><\/p>","protected":false},"author":3,"featured_media":0,"parent":0,"menu_order":0,"comment_status":"closed","ping_status":"closed","template":"","meta":{"_seopress_robots_primary_cat":"","_seopress_titles_title":"","_seopress_titles_desc":"","_seopress_robots_index":"","site-sidebar-layout":"no-sidebar","site-content-layout":"page-builder","ast-global-header-display":"","ast-main-header-display":"","ast-hfb-above-header-display":"","ast-hfb-below-header-display":"","ast-hfb-mobile-header-display":"","site-post-title":"disabled","ast-breadcrumbs-content":"","ast-featured-img":"disabled","footer-sml-layout":"","theme-transparent-header-meta":"default","adv-header-id-meta":"","stick-header-meta":"","header-above-stick-meta":"","header-main-stick-meta":"","header-below-stick-meta":""},"acf":[],"_links":{"self":[{"href":"https:\/\/www.avis.nc\/en\/wp-json\/wp\/v2\/pages\/2126"}],"collection":[{"href":"https:\/\/www.avis.nc\/en\/wp-json\/wp\/v2\/pages"}],"about":[{"href":"https:\/\/www.avis.nc\/en\/wp-json\/wp\/v2\/types\/page"}],"author":[{"embeddable":true,"href":"https:\/\/www.avis.nc\/en\/wp-json\/wp\/v2\/users\/3"}],"replies":[{"embeddable":true,"href":"https:\/\/www.avis.nc\/en\/wp-json\/wp\/v2\/comments?post=2126"}],"version-history":[{"count":0,"href":"https:\/\/www.avis.nc\/en\/wp-json\/wp\/v2\/pages\/2126\/revisions"}],"wp:attachment":[{"href":"https:\/\/www.avis.nc\/en\/wp-json\/wp\/v2\/media?parent=2126"}],"curies":[{"name":"wp","href":"https:\/\/api.w.org\/{rel}","templated":true}]}}