{"id":2124,"date":"2023-10-11T22:49:16","date_gmt":"2023-10-11T22:49:16","guid":{"rendered":"https:\/\/www.avis.nc\/?page_id=2124"},"modified":"2023-10-11T23:05:49","modified_gmt":"2023-10-11T23:05:49","slug":"cookies","status":"publish","type":"page","link":"https:\/\/www.avis.nc\/en\/cookies\/","title":{"rendered":"Cookies"},"content":{"rendered":"<div data-elementor-type=\"wp-page\" data-elementor-id=\"2124\" class=\"elementor elementor-2124\">\n\t\t\t\t\t\t\t\t\t<section class=\"elementor-section elementor-top-section elementor-element elementor-element-ac627a9 elementor-section-height-min-height elementor-section-items-stretch elementor-section-boxed elementor-section-height-default\" data-id=\"ac627a9\" data-element_type=\"section\" data-settings=\"{&quot;background_background&quot;:&quot;classic&quot;}\">\n\t\t\t\t\t\t<div class=\"elementor-container elementor-column-gap-default\">\n\t\t\t\t\t<div class=\"elementor-column elementor-col-100 elementor-top-column elementor-element elementor-element-c46f988\" data-id=\"c46f988\" data-element_type=\"column\">\n\t\t\t<div class=\"elementor-widget-wrap elementor-element-populated\">\n\t\t\t\t\t\t\t\t<div class=\"elementor-element elementor-element-a0725f9 elementor-widget__width-auto elementor-widget elementor-widget-heading\" data-id=\"a0725f9\" data-element_type=\"widget\" data-widget_type=\"heading.default\">\n\t\t\t\t<div class=\"elementor-widget-container\">\n\t\t\t<style>\/*! elementor - v3.7.8 - 02-10-2022 *\/\n.elementor-heading-title{padding:0;margin:0;line-height:1}.elementor-widget-heading .elementor-heading-title[class*=elementor-size-]>a{color:inherit;font-size:inherit;line-height:inherit}.elementor-widget-heading .elementor-heading-title.elementor-size-small{font-size:15px}.elementor-widget-heading .elementor-heading-title.elementor-size-medium{font-size:19px}.elementor-widget-heading .elementor-heading-title.elementor-size-large{font-size:29px}.elementor-widget-heading .elementor-heading-title.elementor-size-xl{font-size:39px}.elementor-widget-heading .elementor-heading-title.elementor-size-xxl{font-size:59px}<\/style><h1 class=\"elementor-heading-title elementor-size-default\">Politique des cookies<\/h1>\t\t<\/div>\n\t\t\t\t<\/div>\n\t\t\t\t\t<\/div>\n\t\t<\/div>\n\t\t\t\t\t\t\t<\/div>\n\t\t<\/section>\n\t\t\t\t<section class=\"elementor-section elementor-top-section elementor-element elementor-element-f27c8ae elementor-section-boxed elementor-section-height-default elementor-section-height-default\" data-id=\"f27c8ae\" data-element_type=\"section\">\n\t\t\t\t\t\t<div class=\"elementor-container elementor-column-gap-default\">\n\t\t\t\t\t<div class=\"elementor-column elementor-col-100 elementor-top-column elementor-element elementor-element-c46bb02\" data-id=\"c46bb02\" data-element_type=\"column\">\n\t\t\t<div class=\"elementor-widget-wrap elementor-element-populated\">\n\t\t\t\t\t\t\t\t<div class=\"elementor-element elementor-element-78aba77 elementor-widget elementor-widget-heading\" data-id=\"78aba77\" data-element_type=\"widget\" data-widget_type=\"heading.default\">\n\t\t\t\t<div class=\"elementor-widget-container\">\n\t\t\t<h2 class=\"elementor-heading-title elementor-size-default\">Information g\u00e9n\u00e9rale<\/h2>\t\t<\/div>\n\t\t\t\t<\/div>\n\t\t\t\t<div class=\"elementor-element elementor-element-ca467e0 elementor-widget elementor-widget-text-editor\" data-id=\"ca467e0\" data-element_type=\"widget\" data-widget_type=\"text-editor.default\">\n\t\t\t\t<div class=\"elementor-widget-container\">\n\t\t\t<style>\/*! elementor - v3.7.8 - 02-10-2022 *\/\n.elementor-widget-text-editor.elementor-drop-cap-view-stacked .elementor-drop-cap{background-color:#818a91;color:#fff}.elementor-widget-text-editor.elementor-drop-cap-view-framed .elementor-drop-cap{color:#818a91;border:3px solid;background-color:transparent}.elementor-widget-text-editor:not(.elementor-drop-cap-view-default) .elementor-drop-cap{margin-top:8px}.elementor-widget-text-editor:not(.elementor-drop-cap-view-default) .elementor-drop-cap-letter{width:1em;height:1em}.elementor-widget-text-editor .elementor-drop-cap{float:left;text-align:center;line-height:1;font-size:50px}.elementor-widget-text-editor .elementor-drop-cap-letter{display:inline-block}<\/style>\t\t\t\t<p>Le site internet Avis Nouvelle Cal\u00e9donie utilise des cookies (t\u00e9moins). Un cookie est un petit texte stock\u00e9 par votre navigateur, qui lui permet de conserver des informations entre les pages internet et les sessions de navigation. Avis Nouvelle Cal\u00e9donie utilise un certain nombre de cookies \u00ab internes \u00bb \u2013 g\u00e9n\u00e9r\u00e9s utilis\u00e9s par le site Avis Nouvelle Cal\u00e9donie\u2013 et des cookies \u00ab tiers \u00bb \u2013 g\u00e9n\u00e9r\u00e9s sur notre site par des tiers. Ils nous permettent de conserver les informations de vos \u00e9tapes de r\u00e9servation pendant que vous naviguez sur le site, de conserver vos d\u00e9tails clients et de vous proposer du contenu pertinent en fonction de vos options s\u00e9lectionn\u00e9es et de votre de voyage. Ils nous aident aussi \u00e0 comprendre le comportement des utilisateurs sur notre site, nous permettant ainsi de rendre votre exp\u00e9rience plus agr\u00e9able.<\/p><p>Les cookies ne peuvent conserver que du texte, qui est toujours confidentiel et dans la plupart des cas crypt\u00e9. Avis Nouvelle Cal\u00e9donie ne conservera jamais aucunes donn\u00e9es personnelles dans un cookie.<\/p>\t\t\t\t\t\t<\/div>\n\t\t\t\t<\/div>\n\t\t\t\t<div class=\"elementor-element elementor-element-d558d4c elementor-widget elementor-widget-heading\" data-id=\"d558d4c\" data-element_type=\"widget\" data-widget_type=\"heading.default\">\n\t\t\t\t<div class=\"elementor-widget-container\">\n\t\t\t<h2 class=\"elementor-heading-title elementor-size-default\">Qu\u2019est-ce que les cookies ?<\/h2>\t\t<\/div>\n\t\t\t\t<\/div>\n\t\t\t\t<div class=\"elementor-element elementor-element-6337c00 elementor-widget elementor-widget-text-editor\" data-id=\"6337c00\" data-element_type=\"widget\" data-widget_type=\"text-editor.default\">\n\t\t\t\t<div class=\"elementor-widget-container\">\n\t\t\t\t\t\t\t<p>Les cookies sont des petits fichiers texte g\u00e9n\u00e9r\u00e9s par les sites internet que vous visitez, et qui permettent de conserver des donn\u00e9es qui peuvent \u00eatre utiles par la suite. Ces donn\u00e9es permettent de conserver vos informations entre les pages, mais aussi d\u2019analyser la mani\u00e8re donc vous interagissez avec le site.<\/p><p>Les cookies sont s\u00e9curis\u00e9s, ils ne peuvent que stocker les informations qui sont mises \u00e0 disposition par le navigateur, informations que l\u2019utilisateur aura pr\u00e9alablement entr\u00e9 dans le navigateur ou qui sont incluses dans les demandes de page. Ils ne peuvent pas ex\u00e9cuter de code et ni \u00eatre utilis\u00e9s pour acc\u00e9der \u00e0 votre ordinateur. Si un site Web crypte des informations contenues dans un cookie, seul ce site pourra lire ces informations.<\/p><p>Il ya deux diff\u00e9rents types de cookies dont les utilisations et le contenu sont diff\u00e9rents: temporaires et persistants.<\/p><p>Les cookies temporaires contiennent des informations qui sont utilis\u00e9es au sein de votre session de navigation. Ces cookies sont automatiquement effac\u00e9s lorsque vous fermez votre navigateur. Rien n\u2019est conserv\u00e9 sur votre ordinateur une fois votre navigation termin\u00e9e.<\/p><p>Les cookies persistants servent \u00e0 stocker des informations qui sont utilis\u00e9es entre les visites. Ces donn\u00e9es permettent aux sites de reconna\u00eetre que vous \u00eates un client r\u00e9current, et s\u2019adaptent en cons\u00e9quence. Les cookies persistants ont une valeur \u00e0 long terme qui est d\u00e9fini par le site, et qui peut varier de quelques minutes \u00e0 plusieurs ann\u00e9es.<\/p>\t\t\t\t\t\t<\/div>\n\t\t\t\t<\/div>\n\t\t\t\t<div class=\"elementor-element elementor-element-31104c4 elementor-widget elementor-widget-heading\" data-id=\"31104c4\" data-element_type=\"widget\" data-widget_type=\"heading.default\">\n\t\t\t\t<div class=\"elementor-widget-container\">\n\t\t\t<h2 class=\"elementor-heading-title elementor-size-default\">Pourquoi utiliser des cookies?<\/h2>\t\t<\/div>\n\t\t\t\t<\/div>\n\t\t\t\t<div class=\"elementor-element elementor-element-67902e3 elementor-widget elementor-widget-text-editor\" data-id=\"67902e3\" data-element_type=\"widget\" data-widget_type=\"text-editor.default\">\n\t\t\t\t<div class=\"elementor-widget-container\">\n\t\t\t\t\t\t\t<p>Les cookies sont utilis\u00e9s par le site pour garder des informations sur votre session pendant que vous naviguez sur le site, garder des d\u00e9tails de votre r\u00e9servation et v\u00e9rifier si vous \u00eates connect\u00e9. Ils sont utilis\u00e9s pour afficher les produits pertinents pour votre voyage.<\/p><p>Web analytics cookies, de nos partenaires de Google et Adobe, nous permet de suivre l\u2019interaction client \u00e0 travers le site. Cela nous donne des indications pr\u00e9cieuses qui nous permettent d\u2019am\u00e9liorer le site et les produits et services que nous offrons.<\/p><p>Nous travaillons \u00e9galement avec des partenaires qui vont \u00e9crire les cookies tiers qui sont ensuite utilis\u00e9s par les annonceurs sur d\u2019autres sites pour vous proposer des publicit\u00e9s appropri\u00e9es et pertinentes bas\u00e9es sur votre historique de navigation. Ces cookies ne stockent pas d\u2019informations personnelles permettant \u00e0 d\u2019autres sites de vous identifier, en effet, elles sont bas\u00e9es uniquement sur l\u2019historique de navigation.<\/p>\t\t\t\t\t\t<\/div>\n\t\t\t\t<\/div>\n\t\t\t\t<div class=\"elementor-element elementor-element-870f614 elementor-widget elementor-widget-heading\" data-id=\"870f614\" data-element_type=\"widget\" data-widget_type=\"heading.default\">\n\t\t\t\t<div class=\"elementor-widget-container\">\n\t\t\t<h2 class=\"elementor-heading-title elementor-size-default\">D\u00e9sactivation et suppression des cookies<\/h2>\t\t<\/div>\n\t\t\t\t<\/div>\n\t\t\t\t<div class=\"elementor-element elementor-element-acfeb5b elementor-widget elementor-widget-text-editor\" data-id=\"acfeb5b\" data-element_type=\"widget\" data-widget_type=\"text-editor.default\">\n\t\t\t\t<div class=\"elementor-widget-container\">\n\t\t\t\t\t\t\t<p>Tous les navigateurs Web vous permettent de limiter les comportements des cookies ou de les d\u00e9sactiver dans les param\u00e8tres ou les options du navigateur. Les \u00e9tapes \u00e0 suivre sont diff\u00e9rentes pour chaque navigateur, vous pouvez trouver des instructions dans le menu \u00ab Aide \u00bb de votre navigateur respectif.<\/p><p>Gr\u00e2ce \u00e0 votre navigateur, vous pouvez aussi consulter les cookies pr\u00e9sents sur votre ordinateur, et les supprimer un \u00e0 un ou tous d\u2019un coup.<\/p><p>Les cookies sont des fichiers texte de sorte que vous pouvez les ouvrir et lire le contenu. Les donn\u00e9es contenues \u00e0 l\u2019int\u00e9rieur sont souvent crypt\u00e9es et correspondant \u00e0 une session Web si bien qu\u2019elles n\u2019ont du sens que pour le site internet qui les a \u00e9crites.<\/p><p>Si vous d\u00e9sactivez les cookies, le site Avis Nouvelle Cal\u00e9donie ne sera pas en mesure de cr\u00e9er une r\u00e9servation. La d\u00e9sactivation des cookies affectera \u00e9galement le suivi de votre progression \u00e0 travers le site, mais n\u2019emp\u00eachera pas le code Google Analytics de reconna\u00eetre votre visite.<\/p>\t\t\t\t\t\t<\/div>\n\t\t\t\t<\/div>\n\t\t\t\t<div class=\"elementor-element elementor-element-f299473 elementor-widget elementor-widget-heading\" data-id=\"f299473\" data-element_type=\"widget\" data-widget_type=\"heading.default\">\n\t\t\t\t<div class=\"elementor-widget-container\">\n\t\t\t<h2 class=\"elementor-heading-title elementor-size-default\">Quels cookies sont cr\u00e9\u00e9s par le site Avis Nouvelle Cal\u00e9donie ?<\/h2>\t\t<\/div>\n\t\t\t\t<\/div>\n\t\t\t\t<div class=\"elementor-element elementor-element-0243bb4 elementor-widget elementor-widget-text-editor\" data-id=\"0243bb4\" data-element_type=\"widget\" data-widget_type=\"text-editor.default\">\n\t\t\t\t<div class=\"elementor-widget-container\">\n\t\t\t\t\t\t\t<p>Les cookies temporaires cr\u00e9\u00e9s par Avis Nouvelle Cal\u00e9donie comprennent des donn\u00e9es utilis\u00e9es par le serveur web qui traite votre session, et les d\u00e9tails de votre r\u00e9servation.<\/p><p>Les cookies persistants qui sont cr\u00e9\u00e9s par le site web Avis Nouvelle Cal\u00e9donie sont utilis\u00e9s par nos partenaires technologiques, Google. Ils sont utilis\u00e9s pour reconna\u00eetre le trafic vers le site qui correspond le plus souvent \u00e0 des utilisateurs r\u00e9currents plut\u00f4t qu\u2019\u00e0 des nouveaux clients. L\u2019information qui est stock\u00e9e est utilis\u00e9e pour vous proposer des annonces appropri\u00e9es sur d\u2019autres sites en notre nom. La suppression de ces cookies ne nuira pas \u00e0 votre exp\u00e9rience ou la fonctionnalit\u00e9 du site Avis Nouvelle Cal\u00e9donie.<\/p>\t\t\t\t\t\t<\/div>\n\t\t\t\t<\/div>\n\t\t\t\t<div class=\"elementor-element elementor-element-d3e01fa elementor-widget elementor-widget-heading\" data-id=\"d3e01fa\" data-element_type=\"widget\" data-widget_type=\"heading.default\">\n\t\t\t\t<div class=\"elementor-widget-container\">\n\t\t\t<h2 class=\"elementor-heading-title elementor-size-default\">Les cookies de nos partenaires technologiques<\/h2>\t\t<\/div>\n\t\t\t\t<\/div>\n\t\t\t\t<div class=\"elementor-element elementor-element-348d821 elementor-widget elementor-widget-text-editor\" data-id=\"348d821\" data-element_type=\"widget\" data-widget_type=\"text-editor.default\">\n\t\t\t\t<div class=\"elementor-widget-container\">\n\t\t\t\t\t\t\t<h4><strong>Google<\/strong><\/h4><p>Avis Nouvelle Cal\u00e9donie est partenaire de Google pour l\u2019analyse Web et publicitaire. Les donn\u00e9es contenues dans les cookies informent Google sur les pages, les produits et services que vous avez \u00e9t\u00e9 visit\u00e9, et lui permet de vous proposer des publicit\u00e9s appropri\u00e9es. Google \u00e9crit \u00e0 la fois des cookies persistants et de temporaires. Les cookies ne stockent pas de donn\u00e9es personnelles. Supprimer ou d\u00e9sactiver ces cookies ne nuira pas \u00e0 la fonctionnalit\u00e9 du site.<\/p>\t\t\t\t\t\t<\/div>\n\t\t\t\t<\/div>\n\t\t\t\t\t<\/div>\n\t\t<\/div>\n\t\t\t\t\t\t\t<\/div>\n\t\t<\/section>\n\t\t\t\t\t\t\t<\/div>","protected":false},"excerpt":{"rendered":"<p>Politique des cookies Information g\u00e9n\u00e9rale Le site internet Avis Nouvelle Cal\u00e9donie utilise des cookies (t\u00e9moins). Un cookie est un petit texte stock\u00e9 par votre navigateur, qui lui permet de conserver des informations entre les pages internet et les sessions de navigation. Avis Nouvelle Cal\u00e9donie utilise un certain nombre de cookies \u00ab internes \u00bb \u2013 g\u00e9n\u00e9r\u00e9s &hellip;<\/p>\n<p class=\"read-more\"> <a class=\"\" href=\"https:\/\/www.avis.nc\/en\/cookies\/\"> <span class=\"screen-reader-text\">Cookies<\/span> Read More &raquo;<\/a><\/p>","protected":false},"author":3,"featured_media":0,"parent":0,"menu_order":0,"comment_status":"closed","ping_status":"closed","template":"","meta":{"_seopress_robots_primary_cat":"","_seopress_titles_title":"","_seopress_titles_desc":"","_seopress_robots_index":"","site-sidebar-layout":"no-sidebar","site-content-layout":"page-builder","ast-global-header-display":"","ast-main-header-display":"","ast-hfb-above-header-display":"","ast-hfb-below-header-display":"","ast-hfb-mobile-header-display":"","site-post-title":"disabled","ast-breadcrumbs-content":"","ast-featured-img":"disabled","footer-sml-layout":"","theme-transparent-header-meta":"default","adv-header-id-meta":"","stick-header-meta":"","header-above-stick-meta":"","header-main-stick-meta":"","header-below-stick-meta":""},"acf":[],"_links":{"self":[{"href":"https:\/\/www.avis.nc\/en\/wp-json\/wp\/v2\/pages\/2124"}],"collection":[{"href":"https:\/\/www.avis.nc\/en\/wp-json\/wp\/v2\/pages"}],"about":[{"href":"https:\/\/www.avis.nc\/en\/wp-json\/wp\/v2\/types\/page"}],"author":[{"embeddable":true,"href":"https:\/\/www.avis.nc\/en\/wp-json\/wp\/v2\/users\/3"}],"replies":[{"embeddable":true,"href":"https:\/\/www.avis.nc\/en\/wp-json\/wp\/v2\/comments?post=2124"}],"version-history":[{"count":0,"href":"https:\/\/www.avis.nc\/en\/wp-json\/wp\/v2\/pages\/2124\/revisions"}],"wp:attachment":[{"href":"https:\/\/www.avis.nc\/en\/wp-json\/wp\/v2\/media?parent=2124"}],"curies":[{"name":"wp","href":"https:\/\/api.w.org\/{rel}","templated":true}]}}