{"id":1859,"date":"2023-06-20T23:35:06","date_gmt":"2023-06-20T23:35:06","guid":{"rendered":"https:\/\/www.avis.nc\/?page_id=1859"},"modified":"2023-10-11T23:09:13","modified_gmt":"2023-10-11T23:09:13","slug":"recrutement","status":"publish","type":"page","link":"https:\/\/www.avis.nc\/en\/recrutement\/","title":{"rendered":"Recrutement"},"content":{"rendered":"<div data-elementor-type=\"wp-page\" data-elementor-id=\"1859\" class=\"elementor elementor-1859\">\n\t\t\t\t\t\t\t\t\t<section class=\"elementor-section elementor-top-section elementor-element elementor-element-d7ec117 elementor-section-height-min-height elementor-section-content-top elementor-section-boxed elementor-section-height-default elementor-section-items-middle\" data-id=\"d7ec117\" data-element_type=\"section\" data-settings=\"{&quot;background_background&quot;:&quot;classic&quot;}\">\n\t\t\t\t\t\t\t<div class=\"elementor-background-overlay\"><\/div>\n\t\t\t\t\t\t\t<div class=\"elementor-container elementor-column-gap-default\">\n\t\t\t\t\t<div class=\"elementor-column elementor-col-100 elementor-top-column elementor-element elementor-element-ebc9e81\" data-id=\"ebc9e81\" data-element_type=\"column\">\n\t\t\t<div class=\"elementor-widget-wrap elementor-element-populated\">\n\t\t\t\t\t\t\t\t<div class=\"elementor-element elementor-element-0805d46 elementor-widget__width-auto elementor-widget elementor-widget-heading\" data-id=\"0805d46\" data-element_type=\"widget\" data-widget_type=\"heading.default\">\n\t\t\t\t<div class=\"elementor-widget-container\">\n\t\t\t<style>\/*! elementor - v3.7.8 - 02-10-2022 *\/\n.elementor-heading-title{padding:0;margin:0;line-height:1}.elementor-widget-heading .elementor-heading-title[class*=elementor-size-]>a{color:inherit;font-size:inherit;line-height:inherit}.elementor-widget-heading .elementor-heading-title.elementor-size-small{font-size:15px}.elementor-widget-heading .elementor-heading-title.elementor-size-medium{font-size:19px}.elementor-widget-heading .elementor-heading-title.elementor-size-large{font-size:29px}.elementor-widget-heading .elementor-heading-title.elementor-size-xl{font-size:39px}.elementor-widget-heading .elementor-heading-title.elementor-size-xxl{font-size:59px}<\/style><h2 class=\"elementor-heading-title elementor-size-default\">Rejoignez notre \u00e9quipe<\/h2>\t\t<\/div>\n\t\t\t\t<\/div>\n\t\t\t\t\t<\/div>\n\t\t<\/div>\n\t\t\t\t\t\t\t<\/div>\n\t\t<\/section>\n\t\t\t\t<section class=\"elementor-section elementor-top-section elementor-element elementor-element-e0789ac elementor-section-boxed elementor-section-height-default elementor-section-height-default\" data-id=\"e0789ac\" data-element_type=\"section\" data-settings=\"{&quot;background_background&quot;:&quot;classic&quot;}\">\n\t\t\t\t\t\t<div class=\"elementor-container elementor-column-gap-default\">\n\t\t\t\t\t<div class=\"elementor-column elementor-col-100 elementor-top-column elementor-element elementor-element-a0481f1\" data-id=\"a0481f1\" data-element_type=\"column\">\n\t\t\t<div class=\"elementor-widget-wrap elementor-element-populated\">\n\t\t\t\t\t\t\t\t<div class=\"elementor-element elementor-element-62138ab elementor-widget elementor-widget-heading\" data-id=\"62138ab\" data-element_type=\"widget\" data-widget_type=\"heading.default\">\n\t\t\t\t<div class=\"elementor-widget-container\">\n\t\t\t<h2 class=\"elementor-heading-title elementor-size-default\">Nous recrutons r\u00e9guli\u00e8rement pour nos \u00e9quipes de Nouvelle-Cal\u00e9donie.<\/h2>\t\t<\/div>\n\t\t\t\t<\/div>\n\t\t\t\t\t<\/div>\n\t\t<\/div>\n\t\t\t\t\t\t\t<\/div>\n\t\t<\/section>\n\t\t\t\t<section class=\"elementor-section elementor-top-section elementor-element elementor-element-a68b1a4 elementor-section-boxed elementor-section-height-default elementor-section-height-default\" data-id=\"a68b1a4\" data-element_type=\"section\">\n\t\t\t\t\t\t<div class=\"elementor-container elementor-column-gap-default\">\n\t\t\t\t\t<div class=\"elementor-column elementor-col-50 elementor-top-column elementor-element elementor-element-536a872\" data-id=\"536a872\" data-element_type=\"column\">\n\t\t\t<div class=\"elementor-widget-wrap elementor-element-populated\">\n\t\t\t\t\t\t\t\t<div class=\"elementor-element elementor-element-9bb326a elementor-widget elementor-widget-text-editor\" data-id=\"9bb326a\" data-element_type=\"widget\" data-widget_type=\"text-editor.default\">\n\t\t\t\t<div class=\"elementor-widget-container\">\n\t\t\t<style>\/*! elementor - v3.7.8 - 02-10-2022 *\/\n.elementor-widget-text-editor.elementor-drop-cap-view-stacked .elementor-drop-cap{background-color:#818a91;color:#fff}.elementor-widget-text-editor.elementor-drop-cap-view-framed .elementor-drop-cap{color:#818a91;border:3px solid;background-color:transparent}.elementor-widget-text-editor:not(.elementor-drop-cap-view-default) .elementor-drop-cap{margin-top:8px}.elementor-widget-text-editor:not(.elementor-drop-cap-view-default) .elementor-drop-cap-letter{width:1em;height:1em}.elementor-widget-text-editor .elementor-drop-cap{float:left;text-align:center;line-height:1;font-size:50px}.elementor-widget-text-editor .elementor-drop-cap-letter{display:inline-block}<\/style>\t\t\t\t<p>Bienvenue chez AVIS Nouvelle-Cal\u00e9donie ! Votre opportunit\u00e9 de carri\u00e8re commence ici !<\/p><p>\u00cates-vous passionn\u00e9 par le secteur automobile et \u00e0 la recherche d&rsquo;une entreprise dynamique o\u00f9 vous pourrez d\u00e9velopper vos comp\u00e9tences et relever de nouveaux d\u00e9fis ? Si oui, vous \u00eates au bon endroit. Chez AVIS Nouvelle-Cal\u00e9donie, nous valorisons le talent, la diversit\u00e9 et l&rsquo;innovation.<\/p><p>Nous sommes constamment \u00e0 la recherche de professionnels talentueux pour rejoindre notre \u00e9quipe et contribuer \u00e0 notre succ\u00e8s continu. Que vous soyez passionn\u00e9 par le service client\u00e8le ou un sp\u00e9cialiste de la gestion, nous offrons une vari\u00e9t\u00e9 de postes dans diff\u00e9rents domaines.<\/p><p>En travaillant chez AVIS Nouvelle-Cal\u00e9donie, vous b\u00e9n\u00e9ficierez d&rsquo;un environnement de travail stimulant, d&rsquo;opportunit\u00e9s de formation continue et de possibilit\u00e9s d&rsquo;avancement professionnel. Nous croyons en l&rsquo;\u00e9panouissement de nos employ\u00e9s et en leur capacit\u00e9 \u00e0 faire la diff\u00e9rence.<\/p>\t\t\t\t\t\t<\/div>\n\t\t\t\t<\/div>\n\t\t\t\t\t<\/div>\n\t\t<\/div>\n\t\t\t\t<div class=\"elementor-column elementor-col-50 elementor-top-column elementor-element elementor-element-dbfc776\" data-id=\"dbfc776\" data-element_type=\"column\">\n\t\t\t<div class=\"elementor-widget-wrap elementor-element-populated\">\n\t\t\t\t\t\t\t\t<div class=\"elementor-element elementor-element-713479d elementor-widget elementor-widget-image\" data-id=\"713479d\" data-element_type=\"widget\" data-widget_type=\"image.default\">\n\t\t\t\t<div class=\"elementor-widget-container\">\n\t\t\t<style>\/*! elementor - v3.7.8 - 02-10-2022 *\/\n.elementor-widget-image{text-align:center}.elementor-widget-image a{display:inline-block}.elementor-widget-image a img[src$=\".svg\"]{width:48px}.elementor-widget-image img{vertical-align:middle;display:inline-block}<\/style>\t\t\t\t\t\t\t\t\t\t\t\t<img decoding=\"async\" width=\"1024\" height=\"682\" src=\"https:\/\/www.avis.nc\/wp-content\/uploads\/2023\/06\/service-client-1024x682.jpg\" class=\"attachment-large size-large\" alt=\"Bienvenue chez AVIS location en Nouvelle-Caledonie\" loading=\"lazy\" srcset=\"https:\/\/www.avis.nc\/wp-content\/uploads\/2023\/06\/service-client-1024x682.jpg 1024w, https:\/\/www.avis.nc\/wp-content\/uploads\/2023\/06\/service-client-300x200.jpg 300w, https:\/\/www.avis.nc\/wp-content\/uploads\/2023\/06\/service-client-768x512.jpg 768w, https:\/\/www.avis.nc\/wp-content\/uploads\/2023\/06\/service-client-1536x1024.jpg 1536w, https:\/\/www.avis.nc\/wp-content\/uploads\/2023\/06\/service-client-18x12.jpg 18w, https:\/\/www.avis.nc\/wp-content\/uploads\/2023\/06\/service-client-600x400.jpg 600w, https:\/\/www.avis.nc\/wp-content\/uploads\/2023\/06\/service-client.jpg 2000w\" sizes=\"(max-width: 1024px) 100vw, 1024px\" \/>\t\t\t\t\t\t\t\t\t\t\t\t\t\t\t<\/div>\n\t\t\t\t<\/div>\n\t\t\t\t\t<\/div>\n\t\t<\/div>\n\t\t\t\t\t\t\t<\/div>\n\t\t<\/section>\n\t\t\t\t<section class=\"elementor-section elementor-top-section elementor-element elementor-element-76e4560 elementor-section-boxed elementor-section-height-default elementor-section-height-default\" data-id=\"76e4560\" data-element_type=\"section\">\n\t\t\t\t\t\t<div class=\"elementor-container elementor-column-gap-default\">\n\t\t\t\t\t<div class=\"elementor-column elementor-col-50 elementor-top-column elementor-element elementor-element-ccd9d04\" data-id=\"ccd9d04\" data-element_type=\"column\">\n\t\t\t<div class=\"elementor-widget-wrap elementor-element-populated\">\n\t\t\t\t\t\t\t\t<div class=\"elementor-element elementor-element-5045a1f elementor-widget elementor-widget-image\" data-id=\"5045a1f\" data-element_type=\"widget\" data-widget_type=\"image.default\">\n\t\t\t\t<div class=\"elementor-widget-container\">\n\t\t\t\t\t\t\t\t\t\t\t\t\t\t\t<img decoding=\"async\" width=\"1024\" height=\"682\" src=\"https:\/\/www.avis.nc\/wp-content\/uploads\/2023\/06\/service-client-2-1024x682.jpg\" class=\"attachment-large size-large\" alt=\"Bienvenue chez AVIS location en Nouvelle-Caledonie\" loading=\"lazy\" srcset=\"https:\/\/www.avis.nc\/wp-content\/uploads\/2023\/06\/service-client-2-1024x682.jpg 1024w, https:\/\/www.avis.nc\/wp-content\/uploads\/2023\/06\/service-client-2-300x200.jpg 300w, https:\/\/www.avis.nc\/wp-content\/uploads\/2023\/06\/service-client-2-768x512.jpg 768w, https:\/\/www.avis.nc\/wp-content\/uploads\/2023\/06\/service-client-2-1536x1024.jpg 1536w, https:\/\/www.avis.nc\/wp-content\/uploads\/2023\/06\/service-client-2-18x12.jpg 18w, https:\/\/www.avis.nc\/wp-content\/uploads\/2023\/06\/service-client-2-600x400.jpg 600w, https:\/\/www.avis.nc\/wp-content\/uploads\/2023\/06\/service-client-2.jpg 2000w\" sizes=\"(max-width: 1024px) 100vw, 1024px\" \/>\t\t\t\t\t\t\t\t\t\t\t\t\t\t\t<\/div>\n\t\t\t\t<\/div>\n\t\t\t\t\t<\/div>\n\t\t<\/div>\n\t\t\t\t<div class=\"elementor-column elementor-col-50 elementor-top-column elementor-element elementor-element-1f8af70\" data-id=\"1f8af70\" data-element_type=\"column\">\n\t\t\t<div class=\"elementor-widget-wrap elementor-element-populated\">\n\t\t\t\t\t\t\t\t<div class=\"elementor-element elementor-element-14a9882 elementor-widget elementor-widget-text-editor\" data-id=\"14a9882\" data-element_type=\"widget\" data-widget_type=\"text-editor.default\">\n\t\t\t\t<div class=\"elementor-widget-container\">\n\t\t\t\t\t\t\t<p>Si vous souhaitez postuler \u00e0 l&rsquo;une de nos offres d&#8217;emploi actuelles, veuillez consulter notre page d\u00e9di\u00e9e aux carri\u00e8res o\u00f9 vous trouverez une liste compl\u00e8te des postes disponibles.<\/p><p>Nous encourageons \u00e9galement les candidatures spontan\u00e9es, car nous sommes toujours int\u00e9ress\u00e9s par des talents exceptionnels qui pourraient renforcer notre \u00e9quipe.<\/p><p>Envoyez-nous votre CV et une lettre de motivation d\u00e9crivant vos comp\u00e9tences, votre exp\u00e9rience et ce qui vous motive \u00e0 rejoindre notre entreprise. Nous examinerons attentivement votre candidature et vous contacterons si votre profil correspond \u00e0 nos besoins.<\/p><p>Chez AVIS location, nous croyons en la puissance des personnes passionn\u00e9es et engag\u00e9es pour cr\u00e9er une entreprise florissante. Rejoignez-nous d\u00e8s maintenant et faites partie d&rsquo;une \u00e9quipe ambitieuse au service des cal\u00e9doniens.<\/p>\t\t\t\t\t\t<\/div>\n\t\t\t\t<\/div>\n\t\t\t\t\t<\/div>\n\t\t<\/div>\n\t\t\t\t\t\t\t<\/div>\n\t\t<\/section>\n\t\t\t\t<section class=\"elementor-section elementor-top-section elementor-element elementor-element-129c9f8 elementor-section-boxed elementor-section-height-default elementor-section-height-default\" data-id=\"129c9f8\" data-element_type=\"section\" data-settings=\"{&quot;background_background&quot;:&quot;classic&quot;}\">\n\t\t\t\t\t\t<div class=\"elementor-container elementor-column-gap-default\">\n\t\t\t\t\t<div class=\"elementor-column elementor-col-100 elementor-top-column elementor-element elementor-element-c3f033e\" data-id=\"c3f033e\" data-element_type=\"column\">\n\t\t\t<div class=\"elementor-widget-wrap elementor-element-populated\">\n\t\t\t\t\t\t\t\t<div class=\"elementor-element elementor-element-cd79583 elementor-widget elementor-widget-heading\" data-id=\"cd79583\" data-element_type=\"widget\" data-widget_type=\"heading.default\">\n\t\t\t\t<div class=\"elementor-widget-container\">\n\t\t\t<h2 class=\"elementor-heading-title elementor-size-default\">Retrouvez les offres du moment sur le site du Groupe Dang<\/h2>\t\t<\/div>\n\t\t\t\t<\/div>\n\t\t\t\t<div class=\"elementor-element elementor-element-d014f74 elementor-widget elementor-widget-text-editor\" data-id=\"d014f74\" data-element_type=\"widget\" data-widget_type=\"text-editor.default\">\n\t\t\t\t<div class=\"elementor-widget-container\">\n\t\t\t\t\t\t\t<div>Nous postons r\u00e9guli\u00e8rement des offres d&#8217;emploi \u00e0 Noum\u00e9a, Kon\u00e9 et Tontouta pour nos activit\u00e9s de location de v\u00e9hicule mais aussi pour les autres activit\u00e9s du Groupe. N&rsquo;h\u00e9sitez pas \u00e0 nous envoyer votre CV.<\/div>\t\t\t\t\t\t<\/div>\n\t\t\t\t<\/div>\n\t\t\t\t<section class=\"elementor-section elementor-inner-section elementor-element elementor-element-bc76e96 elementor-section-full_width elementor-section-height-default elementor-section-height-default\" data-id=\"bc76e96\" data-element_type=\"section\">\n\t\t\t\t\t\t<div class=\"elementor-container elementor-column-gap-default\">\n\t\t\t\t\t<div class=\"elementor-column elementor-col-100 elementor-inner-column elementor-element elementor-element-33d2f08\" data-id=\"33d2f08\" data-element_type=\"column\">\n\t\t\t<div class=\"elementor-widget-wrap elementor-element-populated\">\n\t\t\t\t\t\t\t\t<div class=\"elementor-element elementor-element-9039950 elementor-widget__width-auto elementor-align-center elementor-widget elementor-widget-button\" data-id=\"9039950\" data-element_type=\"widget\" data-widget_type=\"button.default\">\n\t\t\t\t<div class=\"elementor-widget-container\">\n\t\t\t\t\t<div class=\"elementor-button-wrapper\">\n\t\t\t<a href=\"http:\/\/www.groupedang.nc\" class=\"elementor-button-link elementor-button elementor-size-sm\" role=\"button\">\n\t\t\t\t\t\t<span class=\"elementor-button-content-wrapper\">\n\t\t\t\t\t\t<span class=\"elementor-button-text\">Voir le site<\/span>\n\t\t<\/span>\n\t\t\t\t\t<\/a>\n\t\t<\/div>\n\t\t\t\t<\/div>\n\t\t\t\t<\/div>\n\t\t\t\t\t<\/div>\n\t\t<\/div>\n\t\t\t\t\t\t\t<\/div>\n\t\t<\/section>\n\t\t\t\t\t<\/div>\n\t\t<\/div>\n\t\t\t\t\t\t\t<\/div>\n\t\t<\/section>\n\t\t\t\t\t\t\t<\/div>","protected":false},"excerpt":{"rendered":"<p>Rejoignez notre \u00e9quipe Nous recrutons r\u00e9guli\u00e8rement pour nos \u00e9quipes de Nouvelle-Cal\u00e9donie. Bienvenue chez AVIS Nouvelle-Cal\u00e9donie ! Votre opportunit\u00e9 de carri\u00e8re commence ici ! \u00cates-vous passionn\u00e9 par le secteur automobile et \u00e0 la recherche d&rsquo;une entreprise dynamique o\u00f9 vous pourrez d\u00e9velopper vos comp\u00e9tences et relever de nouveaux d\u00e9fis ? Si oui, vous \u00eates au bon endroit. &hellip;<\/p>\n<p class=\"read-more\"> <a class=\"\" href=\"https:\/\/www.avis.nc\/en\/recrutement\/\"> <span class=\"screen-reader-text\">Recrutement<\/span> Read More &raquo;<\/a><\/p>","protected":false},"author":4,"featured_media":0,"parent":0,"menu_order":0,"comment_status":"closed","ping_status":"closed","template":"","meta":{"_seopress_robots_primary_cat":"","_seopress_titles_title":"","_seopress_titles_desc":"","_seopress_robots_index":"","site-sidebar-layout":"no-sidebar","site-content-layout":"page-builder","ast-global-header-display":"","ast-main-header-display":"","ast-hfb-above-header-display":"","ast-hfb-below-header-display":"","ast-hfb-mobile-header-display":"","site-post-title":"disabled","ast-breadcrumbs-content":"","ast-featured-img":"disabled","footer-sml-layout":"","theme-transparent-header-meta":"default","adv-header-id-meta":"","stick-header-meta":"","header-above-stick-meta":"","header-main-stick-meta":"","header-below-stick-meta":""},"acf":[],"_links":{"self":[{"href":"https:\/\/www.avis.nc\/en\/wp-json\/wp\/v2\/pages\/1859"}],"collection":[{"href":"https:\/\/www.avis.nc\/en\/wp-json\/wp\/v2\/pages"}],"about":[{"href":"https:\/\/www.avis.nc\/en\/wp-json\/wp\/v2\/types\/page"}],"author":[{"embeddable":true,"href":"https:\/\/www.avis.nc\/en\/wp-json\/wp\/v2\/users\/4"}],"replies":[{"embeddable":true,"href":"https:\/\/www.avis.nc\/en\/wp-json\/wp\/v2\/comments?post=1859"}],"version-history":[{"count":0,"href":"https:\/\/www.avis.nc\/en\/wp-json\/wp\/v2\/pages\/1859\/revisions"}],"wp:attachment":[{"href":"https:\/\/www.avis.nc\/en\/wp-json\/wp\/v2\/media?parent=1859"}],"curies":[{"name":"wp","href":"https:\/\/api.w.org\/{rel}","templated":true}]}}